{"id":6163,"date":"2023-11-30T17:31:30","date_gmt":"2023-11-30T16:31:30","guid":{"rendered":"https:\/\/swingsytravel.com\/?post_type=product&#038;p=6163"},"modified":"2023-11-30T18:40:14","modified_gmt":"2023-11-30T17:40:14","slug":"temptation-miches-resort-republique-dominicaine","status":"publish","type":"product","link":"https:\/\/swingsytravel.com\/en\/product\/temptation-miches-resort-republique-dominicaine\/","title":{"rendered":"Temptation Miches Resort &#8211; R\u00e9publique Dominicaine"},"content":{"rendered":"<div data-elementor-type=\"product-post\" data-elementor-id=\"6163\" class=\"elementor elementor-6163\" data-elementor-post-type=\"product\">\n\t\t\t\t<div class=\"elementor-element elementor-element-5f7bec3 e-con-full e-flex e-con e-parent\" data-id=\"5f7bec3\" data-element_type=\"container\">\n\t\t<div class=\"elementor-element elementor-element-cbcfa64 e-flex e-con-boxed e-con e-parent\" data-id=\"cbcfa64\" data-element_type=\"container\" data-settings=\"{&quot;background_background&quot;:&quot;classic&quot;}\">\n\t\t\t\t\t<div class=\"e-con-inner\">\n\t\t\t\t<div class=\"elementor-element elementor-element-30968d4 elementor-widget elementor-widget-heading\" data-id=\"30968d4\" data-element_type=\"widget\" data-widget_type=\"heading.default\">\n\t\t\t\t<div class=\"elementor-widget-container\">\n\t\t\t<h1 class=\"elementor-heading-title elementor-size-default\">TRAVEL ORGASMIZER<\/h1>\t\t<\/div>\n\t\t\t\t<\/div>\n\t\t\t\t\t<\/div>\n\t\t\t\t<\/div>\n\t\t\t\t<\/div>\n\t\t<div class=\"elementor-element elementor-element-8c493cb e-flex e-con-boxed e-con e-parent\" data-id=\"8c493cb\" data-element_type=\"container\">\n\t\t\t\t\t<div class=\"e-con-inner\">\n\t\t<div class=\"elementor-element elementor-element-ce2cbd4 e-con-full e-flex e-con e-parent\" data-id=\"ce2cbd4\" data-element_type=\"container\">\n\t\t\t\t<div class=\"elementor-element elementor-element-a240d9f gallery-spacing-custom elementor-widget elementor-widget-image-gallery\" data-id=\"a240d9f\" data-element_type=\"widget\" data-widget_type=\"image-gallery.default\">\n\t\t\t\t<div class=\"elementor-widget-container\">\n\t\t\t\t\t<div class=\"elementor-image-gallery\">\n\t\t\t<div id='gallery-1' class='gallery galleryid-6163 gallery-columns-1 gallery-size-2048x2048'><figure class='gallery-item'>\n\t\t\t<div class='gallery-icon landscape'>\n\t\t\t\t<a data-elementor-open-lightbox=\"yes\" data-elementor-lightbox-slideshow=\"a240d9f\" data-elementor-lightbox-title=\"Capture d\u2019e\u0301cran 2023-11-30 a\u0300 17.22.25\" data-e-action-hash=\"#elementor-action%3Aaction%3Dlightbox%26settings%3DeyJpZCI6NjE3NywidXJsIjoiaHR0cHM6XC9cL3N3aW5nc3l0cmF2ZWwuY29tXC93cC1jb250ZW50XC91cGxvYWRzXC8yMDIzXC8xMVwvQ2FwdHVyZS1kZVx1MDMwMWNyYW4tMjAyMy0xMS0zMC1hXHUwMzAwLTE3LjIyLjI1LnBuZyIsInNsaWRlc2hvdyI6ImEyNDBkOWYifQ%3D%3D\" href='https:\/\/swingsytravel.com\/wp-content\/uploads\/2023\/11\/Capture-de\u0301cran-2023-11-30-a\u0300-17.22.25.png'><img fetchpriority=\"high\" decoding=\"async\" width=\"1548\" height=\"1028\" src=\"https:\/\/swingsytravel.com\/wp-content\/uploads\/2023\/11\/Capture-de\u0301cran-2023-11-30-a\u0300-17.22.25.png\" class=\"attachment-2048x2048 size-2048x2048\" alt=\"\" \/><\/a>\n\t\t\t<\/div><\/figure><figure class='gallery-item'>\n\t\t\t<div class='gallery-icon landscape'>\n\t\t\t\t<a data-elementor-open-lightbox=\"yes\" data-elementor-lightbox-slideshow=\"a240d9f\" data-elementor-lightbox-title=\"Capture d\u2019e\u0301cran 2023-11-30 a\u0300 17.22.11\" data-e-action-hash=\"#elementor-action%3Aaction%3Dlightbox%26settings%3DeyJpZCI6NjE3NiwidXJsIjoiaHR0cHM6XC9cL3N3aW5nc3l0cmF2ZWwuY29tXC93cC1jb250ZW50XC91cGxvYWRzXC8yMDIzXC8xMVwvQ2FwdHVyZS1kZVx1MDMwMWNyYW4tMjAyMy0xMS0zMC1hXHUwMzAwLTE3LjIyLjExLnBuZyIsInNsaWRlc2hvdyI6ImEyNDBkOWYifQ%3D%3D\" href='https:\/\/swingsytravel.com\/wp-content\/uploads\/2023\/11\/Capture-de\u0301cran-2023-11-30-a\u0300-17.22.11.png'><img decoding=\"async\" width=\"1544\" height=\"1028\" src=\"https:\/\/swingsytravel.com\/wp-content\/uploads\/2023\/11\/Capture-de\u0301cran-2023-11-30-a\u0300-17.22.11.png\" class=\"attachment-2048x2048 size-2048x2048\" alt=\"\" \/><\/a>\n\t\t\t<\/div><\/figure>\n\t\t<\/div>\n\t\t<\/div>\n\t\t\t\t<\/div>\n\t\t\t\t<\/div>\n\t\t\t\t<\/div>\n\t\t<div class=\"elementor-element elementor-element-23feb37 e-con-full e-flex e-con e-parent\" data-id=\"23feb37\" data-element_type=\"container\">\n\t\t\t\t<div class=\"elementor-element elementor-element-e8b7533 elementor-widget elementor-widget-heading\" data-id=\"e8b7533\" data-element_type=\"widget\" data-widget_type=\"heading.default\">\n\t\t\t\t<div class=\"elementor-widget-container\">\n\t\t\t<h2 class=\"elementor-heading-title elementor-size-default\">Temptation Miches Resort - R\u00e9publique Dominicaine<\/h2>\t\t<\/div>\n\t\t\t\t<\/div>\n\t\t\t\t<div class=\"elementor-element elementor-element-28fa03c elementor-widget-divider--view-line elementor-widget elementor-widget-divider\" data-id=\"28fa03c\" data-element_type=\"widget\" data-widget_type=\"divider.default\">\n\t\t\t\t<div class=\"elementor-widget-container\">\n\t\t\t\t\t<div class=\"elementor-divider\">\n\t\t\t<span class=\"elementor-divider-separator\">\n\t\t\t\t\t\t<\/span>\n\t\t<\/div>\n\t\t\t\t<\/div>\n\t\t\t\t<\/div>\n\t\t\t\t<div class=\"elementor-element elementor-element-fda43e7 elementor-widget elementor-widget-text-editor\" data-id=\"fda43e7\" data-element_type=\"widget\" data-widget_type=\"text-editor.default\">\n\t\t\t\t<div class=\"elementor-widget-container\">\n\t\t\t\t\t\t\t<p>Temptation est un groupe de complexes h\u00f4teliers r\u00e9serv\u00e9s aux adultes, r\u00e9partis dans les destinations les plus paradisiaques du monde.\u00a0<\/p><p>Le <strong>Temptation Miches Resort<\/strong> est leur dernier b\u00e9b\u00e9.\u00a0Situ\u00e9 \u00e0 Miches, \u00e0 une heure de l&#8217;a\u00e9roport international de <strong>Punta Cana<\/strong>, en R\u00e9publique dominicaine, ce complexe baln\u00e9aire des <strong>Cara\u00efbes<\/strong> s&#8217;adresse aux voyageurs <strong>libres d&#8217;esprit<\/strong> \u00e0 la recherche d&#8217;une de vacances extraordinaires, pleines de plaisir et d&#8217;aventure. <strong>Vous pourrez faire la f\u00eate jour et nuit et vous amuser entre couples dans ce paradis tropical.<\/strong><\/p><p>\u00a0<\/p><p><span class=\"cqiun4t2 khvhiq1o r5qsrrlp i5tg98hk iqx13udk przvwfww qiohso4h gfz4du6o r7fjleex nz2484kf svot0ezm dcnh1tix sxl192xd t3g6t33p\"><span class=\"\">\ud83d\udc59 Les maillots sont optionnels dans certaines zones de l&#8217;h\u00f4tel<\/span><\/span><\/p><p><span class=\"cqiun4t2 khvhiq1o r5qsrrlp i5tg98hk iqx13udk przvwfww qiohso4h gfz4du6o r7fjleex nz2484kf svot0ezm dcnh1tix sxl192xd t3g6t33p\"><span class=\"\">\ud83e\udea9 Grandioses soir\u00e9es \u00e0 th\u00e8mes pour se d\u00e9fouler<\/span><\/span><\/p><p><span class=\"cqiun4t2 khvhiq1o r5qsrrlp i5tg98hk iqx13udk przvwfww qiohso4h gfz4du6o r7fjleex nz2484kf svot0ezm dcnh1tix sxl192xd t3g6t33p\"><span class=\"\">\ud83c\udf78 Des forfaits all inclusive pour n&#8217;avoir rien \u00e0 penser\u00a0<\/span><\/span><\/p><p>\u00a0<\/p><p>Retrouvez toutes les infos de r\u00e9servation et le d\u00e9tail des chambres sur leur site en cliquant sur le bouton qui suit<\/p>\t\t\t\t\t\t<\/div>\n\t\t\t\t<\/div>\n\t\t\t\t<div class=\"elementor-element elementor-element-6666536 elementor-widget elementor-widget-woocommerce-product-price\" data-id=\"6666536\" data-element_type=\"widget\" data-widget_type=\"woocommerce-product-price.default\">\n\t\t\t\t<div class=\"elementor-widget-container\">\n\t\t\t<p class=\"price\"><span class=\"woocommerce-Price-amount amount\"><bdi>799.00&nbsp;<span class=\"woocommerce-Price-currencySymbol\">&euro;<\/span><\/bdi><\/span><\/p>\n\t\t<\/div>\n\t\t\t\t<\/div>\n\t\t\t\t<div class=\"elementor-element elementor-element-09178af elementor-widget elementor-widget-button\" data-id=\"09178af\" data-element_type=\"widget\" data-widget_type=\"button.default\">\n\t\t\t\t<div class=\"elementor-widget-container\">\n\t\t\t\t\t\t\t<div class=\"elementor-button-wrapper\">\n\t\t\t\t\t<a class=\"elementor-button elementor-button-link elementor-size-sm\" href=\"https:\/\/www.originalaffiliates.com\/resources\/links\/products\/4624\/28\/en.php\">\n\t\t\t\t\t\t<span class=\"elementor-button-content-wrapper\">\n\t\t\t\t\t\t\t\t\t<span class=\"elementor-button-text\">Infos & r\u00e9sa<\/span>\n\t\t\t\t\t<\/span>\n\t\t\t\t\t<\/a>\n\t\t\t\t<\/div>\n\t\t\t\t\t\t<\/div>\n\t\t\t\t<\/div>\n\t\t\t\t<\/div>\n\t\t\t\t\t<\/div>\n\t\t\t\t<\/div>\n\t\t<div class=\"elementor-element elementor-element-d827261 e-flex e-con-boxed e-con e-parent\" data-id=\"d827261\" data-element_type=\"container\">\n\t\t\t\t\t<div class=\"e-con-inner\">\n\t\t\t\t<div class=\"elementor-element elementor-element-244d52e elementor-widget elementor-widget-heading\" data-id=\"244d52e\" data-element_type=\"widget\" data-widget_type=\"heading.default\">\n\t\t\t\t<div class=\"elementor-widget-container\">\n\t\t\t<h2 class=\"elementor-heading-title elementor-size-default\">Swingsy is...<\/h2>\t\t<\/div>\n\t\t\t\t<\/div>\n\t\t\t\t\t<\/div>\n\t\t\t\t<\/div>\n\t\t<div class=\"elementor-element elementor-element-18dd971 e-flex e-con-boxed e-con e-parent\" data-id=\"18dd971\" data-element_type=\"container\" data-settings=\"{&quot;background_background&quot;:&quot;classic&quot;}\">\n\t\t\t\t\t<div class=\"e-con-inner\">\n\t\t<div class=\"elementor-element elementor-element-f58076b e-con-full e-flex e-con e-parent\" data-id=\"f58076b\" data-element_type=\"container\">\n\t\t\t\t<div class=\"elementor-element elementor-element-06896fd elementor-widget elementor-widget-heading\" data-id=\"06896fd\" data-element_type=\"widget\" data-widget_type=\"heading.default\">\n\t\t\t\t<div class=\"elementor-widget-container\">\n\t\t\t<h2 class=\"elementor-heading-title elementor-size-default\">Secure payment<\/h2>\t\t<\/div>\n\t\t\t\t<\/div>\n\t\t\t\t<div class=\"elementor-element elementor-element-b6de288 elementor-view-default elementor-widget elementor-widget-icon\" data-id=\"b6de288\" data-element_type=\"widget\" data-widget_type=\"icon.default\">\n\t\t\t\t<div class=\"elementor-widget-container\">\n\t\t\t\t\t<div class=\"elementor-icon-wrapper\">\n\t\t\t<div class=\"elementor-icon\">\n\t\t\t<i aria-hidden=\"true\" class=\"fas fa-credit-card\"><\/i>\t\t\t<\/div>\n\t\t<\/div>\n\t\t\t\t<\/div>\n\t\t\t\t<\/div>\n\t\t\t\t<\/div>\n\t\t<div class=\"elementor-element elementor-element-96d1fc4 e-con-full e-flex e-con e-parent\" data-id=\"96d1fc4\" data-element_type=\"container\">\n\t\t\t\t<div class=\"elementor-element elementor-element-b490e92 elementor-widget elementor-widget-heading\" data-id=\"b490e92\" data-element_type=\"widget\" data-widget_type=\"heading.default\">\n\t\t\t\t<div class=\"elementor-widget-container\">\n\t\t\t<h2 class=\"elementor-heading-title elementor-size-default\">100% couples<\/h2>\t\t<\/div>\n\t\t\t\t<\/div>\n\t\t\t\t<div class=\"elementor-element elementor-element-dbd68df elementor-view-default elementor-widget elementor-widget-icon\" data-id=\"dbd68df\" data-element_type=\"widget\" data-widget_type=\"icon.default\">\n\t\t\t\t<div class=\"elementor-widget-container\">\n\t\t\t\t\t<div class=\"elementor-icon-wrapper\">\n\t\t\t<div class=\"elementor-icon\">\n\t\t\t<i aria-hidden=\"true\" class=\"fas fa-hand-scissors\"><\/i>\t\t\t<\/div>\n\t\t<\/div>\n\t\t\t\t<\/div>\n\t\t\t\t<\/div>\n\t\t\t\t<\/div>\n\t\t<div class=\"elementor-element elementor-element-c583755 e-con-full e-flex e-con e-parent\" data-id=\"c583755\" data-element_type=\"container\">\n\t\t\t\t<div class=\"elementor-element elementor-element-f22719d elementor-widget elementor-widget-heading\" data-id=\"f22719d\" data-element_type=\"widget\" data-widget_type=\"heading.default\">\n\t\t\t\t<div class=\"elementor-widget-container\">\n\t\t\t<h2 class=\"elementor-heading-title elementor-size-default\">A trusted community<\/h2>\t\t<\/div>\n\t\t\t\t<\/div>\n\t\t\t\t<div class=\"elementor-element elementor-element-5fb644d elementor-view-default elementor-widget elementor-widget-icon\" data-id=\"5fb644d\" data-element_type=\"widget\" data-widget_type=\"icon.default\">\n\t\t\t\t<div class=\"elementor-widget-container\">\n\t\t\t\t\t<div class=\"elementor-icon-wrapper\">\n\t\t\t<div class=\"elementor-icon\">\n\t\t\t<i aria-hidden=\"true\" class=\"far fa-heart\"><\/i>\t\t\t<\/div>\n\t\t<\/div>\n\t\t\t\t<\/div>\n\t\t\t\t<\/div>\n\t\t\t\t<\/div>\n\t\t\t\t\t<\/div>\n\t\t\t\t<\/div>\n\t\t\t\t<\/div>","protected":false},"excerpt":{"rendered":"<p>orgasmisateur de voyages Temptation Miches Resort &#8211; R\u00e9publique Dominicaine Temptation est un groupe de complexes h\u00f4teliers r\u00e9serv\u00e9s aux adultes, r\u00e9partis dans les destinations les plus paradisiaques du monde.\u00a0 Le Temptation Miches Resort est leur dernier b\u00e9b\u00e9.\u00a0Situ\u00e9 \u00e0 Miches, \u00e0 une heure de l&#8217;a\u00e9roport international de Punta Cana, en R\u00e9publique dominicaine, ce complexe baln\u00e9aire des Cara\u00efbes [&hellip;]<\/p>","protected":false},"featured_media":6043,"template":"elementor_header_footer","meta":[],"product_cat":[94],"product_tag":[],"class_list":{"0":"post-6163","1":"product","2":"type-product","3":"status-publish","4":"has-post-thumbnail","6":"product_cat-non-classe","8":"first","9":"instock","10":"shipping-taxable","11":"purchasable","12":"product-type-simple"},"yoast_head":"<!-- This site is optimized with the Yoast SEO plugin v23.9 - https:\/\/yoast.com\/wordpress\/plugins\/seo\/ -->\n<title>Temptation Miches Resort - R\u00e9publique Dominicaine - Swingsy Travel<\/title>\n<meta name=\"description\" content=\"Temptation Miches Resort, un complexe hotelier cr\u00e9\u00e9 pour le bonheur des couples adultes en R\u00e9publique Dominicaine\" \/>\n<meta name=\"robots\" content=\"index, follow, max-snippet:-1, max-image-preview:large, max-video-preview:-1\" \/>\n<link rel=\"canonical\" href=\"https:\/\/swingsytravel.com\/en\/product\/temptation-miches-resort-republique-dominicaine\/\" \/>\n<meta property=\"og:locale\" content=\"en_US\" \/>\n<meta property=\"og:type\" content=\"article\" \/>\n<meta property=\"og:title\" content=\"Temptation Miches Resort - R\u00e9publique Dominicaine - Swingsy Travel\" \/>\n<meta property=\"og:description\" content=\"Temptation Miches Resort, un complexe hotelier cr\u00e9\u00e9 pour le bonheur des couples adultes en R\u00e9publique Dominicaine\" \/>\n<meta property=\"og:url\" content=\"https:\/\/swingsytravel.com\/en\/product\/temptation-miches-resort-republique-dominicaine\/\" \/>\n<meta property=\"og:site_name\" content=\"Swingsy Travel\" \/>\n<meta property=\"article:publisher\" content=\"https:\/\/www.facebook.com\/swingsyfrance\/\" \/>\n<meta property=\"article:modified_time\" content=\"2023-11-30T17:40:14+00:00\" \/>\n<meta property=\"og:image\" content=\"https:\/\/swingsytravel.com\/wp-content\/uploads\/2023\/11\/Flyer-SpicyIsland-1.jpg\" \/>\n\t<meta property=\"og:image:width\" content=\"1080\" \/>\n\t<meta property=\"og:image:height\" content=\"1530\" \/>\n\t<meta property=\"og:image:type\" content=\"image\/jpeg\" \/>\n<meta name=\"twitter:card\" content=\"summary_large_image\" \/>\n<meta name=\"twitter:site\" content=\"@SwingsyFrance\" \/>\n<script type=\"application\/ld+json\" class=\"yoast-schema-graph\">{\"@context\":\"https:\/\/schema.org\",\"@graph\":[{\"@type\":\"WebPage\",\"@id\":\"https:\/\/swingsytravel.com\/produit\/temptation-miches-resort-republique-dominicaine\/\",\"url\":\"https:\/\/swingsytravel.com\/produit\/temptation-miches-resort-republique-dominicaine\/\",\"name\":\"Temptation Miches Resort - R\u00e9publique Dominicaine - Swingsy Travel\",\"isPartOf\":{\"@id\":\"https:\/\/swingsytravel.com\/#website\"},\"primaryImageOfPage\":{\"@id\":\"https:\/\/swingsytravel.com\/produit\/temptation-miches-resort-republique-dominicaine\/#primaryimage\"},\"image\":{\"@id\":\"https:\/\/swingsytravel.com\/produit\/temptation-miches-resort-republique-dominicaine\/#primaryimage\"},\"thumbnailUrl\":\"https:\/\/swingsytravel.com\/wp-content\/uploads\/2023\/11\/Flyer-SpicyIsland-1.jpg\",\"datePublished\":\"2023-11-30T16:31:30+00:00\",\"dateModified\":\"2023-11-30T17:40:14+00:00\",\"description\":\"Temptation Miches Resort, un complexe hotelier cr\u00e9\u00e9 pour le bonheur des couples adultes en R\u00e9publique Dominicaine\",\"breadcrumb\":{\"@id\":\"https:\/\/swingsytravel.com\/produit\/temptation-miches-resort-republique-dominicaine\/#breadcrumb\"},\"inLanguage\":\"en-US\",\"potentialAction\":[{\"@type\":\"ReadAction\",\"target\":[\"https:\/\/swingsytravel.com\/produit\/temptation-miches-resort-republique-dominicaine\/\"]}]},{\"@type\":\"ImageObject\",\"inLanguage\":\"en-US\",\"@id\":\"https:\/\/swingsytravel.com\/produit\/temptation-miches-resort-republique-dominicaine\/#primaryimage\",\"url\":\"https:\/\/swingsytravel.com\/wp-content\/uploads\/2023\/11\/Flyer-SpicyIsland-1.jpg\",\"contentUrl\":\"https:\/\/swingsytravel.com\/wp-content\/uploads\/2023\/11\/Flyer-SpicyIsland-1.jpg\",\"width\":1080,\"height\":1530},{\"@type\":\"BreadcrumbList\",\"@id\":\"https:\/\/swingsytravel.com\/produit\/temptation-miches-resort-republique-dominicaine\/#breadcrumb\",\"itemListElement\":[{\"@type\":\"ListItem\",\"position\":1,\"name\":\"Accueil\",\"item\":\"https:\/\/swingsytravel.com\/\"},{\"@type\":\"ListItem\",\"position\":2,\"name\":\"Shop\",\"item\":\"https:\/\/swingsytravel.com\/shop\/\"},{\"@type\":\"ListItem\",\"position\":3,\"name\":\"Temptation Miches Resort &#8211; R\u00e9publique Dominicaine\"}]},{\"@type\":\"WebSite\",\"@id\":\"https:\/\/swingsytravel.com\/#website\",\"url\":\"https:\/\/swingsytravel.com\/\",\"name\":\"Swingsy Travel\",\"description\":\"Orgasmisateur de voyage\",\"publisher\":{\"@id\":\"https:\/\/swingsytravel.com\/#organization\"},\"potentialAction\":[{\"@type\":\"SearchAction\",\"target\":{\"@type\":\"EntryPoint\",\"urlTemplate\":\"https:\/\/swingsytravel.com\/?s={search_term_string}\"},\"query-input\":{\"@type\":\"PropertyValueSpecification\",\"valueRequired\":true,\"valueName\":\"search_term_string\"}}],\"inLanguage\":\"en-US\"},{\"@type\":\"Organization\",\"@id\":\"https:\/\/swingsytravel.com\/#organization\",\"name\":\"Swingsy Travel\",\"url\":\"https:\/\/swingsytravel.com\/\",\"logo\":{\"@type\":\"ImageObject\",\"inLanguage\":\"en-US\",\"@id\":\"https:\/\/swingsytravel.com\/#\/schema\/logo\/image\/\",\"url\":\"https:\/\/swingsytravel.com\/wp-content\/uploads\/2020\/02\/350x100.png\",\"contentUrl\":\"https:\/\/swingsytravel.com\/wp-content\/uploads\/2020\/02\/350x100.png\",\"width\":350,\"height\":100,\"caption\":\"Swingsy Travel\"},\"image\":{\"@id\":\"https:\/\/swingsytravel.com\/#\/schema\/logo\/image\/\"},\"sameAs\":[\"https:\/\/www.facebook.com\/swingsyfrance\/\",\"https:\/\/x.com\/SwingsyFrance\",\"https:\/\/www.instagram.com\/swingsy.insta\/\",\"https:\/\/www.youtube.com\/channel\/UC3HEecp9VYMXuie9yXm_6fA\"]}]}<\/script>\n<!-- \/ Yoast SEO plugin. -->","yoast_head_json":{"title":"Temptation Miches Resort - R\u00e9publique Dominicaine - Swingsy Travel","description":"Temptation Miches Resort, un complexe hotelier cr\u00e9\u00e9 pour le bonheur des couples adultes en R\u00e9publique Dominicaine","robots":{"index":"index","follow":"follow","max-snippet":"max-snippet:-1","max-image-preview":"max-image-preview:large","max-video-preview":"max-video-preview:-1"},"canonical":"https:\/\/swingsytravel.com\/en\/product\/temptation-miches-resort-republique-dominicaine\/","og_locale":"en_US","og_type":"article","og_title":"Temptation Miches Resort - R\u00e9publique Dominicaine - Swingsy Travel","og_description":"Temptation Miches Resort, un complexe hotelier cr\u00e9\u00e9 pour le bonheur des couples adultes en R\u00e9publique Dominicaine","og_url":"https:\/\/swingsytravel.com\/en\/product\/temptation-miches-resort-republique-dominicaine\/","og_site_name":"Swingsy Travel","article_publisher":"https:\/\/www.facebook.com\/swingsyfrance\/","article_modified_time":"2023-11-30T17:40:14+00:00","og_image":[{"width":1080,"height":1530,"url":"https:\/\/swingsytravel.com\/wp-content\/uploads\/2023\/11\/Flyer-SpicyIsland-1.jpg","type":"image\/jpeg"}],"twitter_card":"summary_large_image","twitter_site":"@SwingsyFrance","schema":{"@context":"https:\/\/schema.org","@graph":[{"@type":"WebPage","@id":"https:\/\/swingsytravel.com\/produit\/temptation-miches-resort-republique-dominicaine\/","url":"https:\/\/swingsytravel.com\/produit\/temptation-miches-resort-republique-dominicaine\/","name":"Temptation Miches Resort - R\u00e9publique Dominicaine - Swingsy Travel","isPartOf":{"@id":"https:\/\/swingsytravel.com\/#website"},"primaryImageOfPage":{"@id":"https:\/\/swingsytravel.com\/produit\/temptation-miches-resort-republique-dominicaine\/#primaryimage"},"image":{"@id":"https:\/\/swingsytravel.com\/produit\/temptation-miches-resort-republique-dominicaine\/#primaryimage"},"thumbnailUrl":"https:\/\/swingsytravel.com\/wp-content\/uploads\/2023\/11\/Flyer-SpicyIsland-1.jpg","datePublished":"2023-11-30T16:31:30+00:00","dateModified":"2023-11-30T17:40:14+00:00","description":"Temptation Miches Resort, un complexe hotelier cr\u00e9\u00e9 pour le bonheur des couples adultes en R\u00e9publique Dominicaine","breadcrumb":{"@id":"https:\/\/swingsytravel.com\/produit\/temptation-miches-resort-republique-dominicaine\/#breadcrumb"},"inLanguage":"en-US","potentialAction":[{"@type":"ReadAction","target":["https:\/\/swingsytravel.com\/produit\/temptation-miches-resort-republique-dominicaine\/"]}]},{"@type":"ImageObject","inLanguage":"en-US","@id":"https:\/\/swingsytravel.com\/produit\/temptation-miches-resort-republique-dominicaine\/#primaryimage","url":"https:\/\/swingsytravel.com\/wp-content\/uploads\/2023\/11\/Flyer-SpicyIsland-1.jpg","contentUrl":"https:\/\/swingsytravel.com\/wp-content\/uploads\/2023\/11\/Flyer-SpicyIsland-1.jpg","width":1080,"height":1530},{"@type":"BreadcrumbList","@id":"https:\/\/swingsytravel.com\/produit\/temptation-miches-resort-republique-dominicaine\/#breadcrumb","itemListElement":[{"@type":"ListItem","position":1,"name":"Accueil","item":"https:\/\/swingsytravel.com\/"},{"@type":"ListItem","position":2,"name":"Shop","item":"https:\/\/swingsytravel.com\/shop\/"},{"@type":"ListItem","position":3,"name":"Temptation Miches Resort &#8211; R\u00e9publique Dominicaine"}]},{"@type":"WebSite","@id":"https:\/\/swingsytravel.com\/#website","url":"https:\/\/swingsytravel.com\/","name":"Swingsy Travel","description":"Orgasmisateur de voyage","publisher":{"@id":"https:\/\/swingsytravel.com\/#organization"},"potentialAction":[{"@type":"SearchAction","target":{"@type":"EntryPoint","urlTemplate":"https:\/\/swingsytravel.com\/?s={search_term_string}"},"query-input":{"@type":"PropertyValueSpecification","valueRequired":true,"valueName":"search_term_string"}}],"inLanguage":"en-US"},{"@type":"Organization","@id":"https:\/\/swingsytravel.com\/#organization","name":"Swingsy Travel","url":"https:\/\/swingsytravel.com\/","logo":{"@type":"ImageObject","inLanguage":"en-US","@id":"https:\/\/swingsytravel.com\/#\/schema\/logo\/image\/","url":"https:\/\/swingsytravel.com\/wp-content\/uploads\/2020\/02\/350x100.png","contentUrl":"https:\/\/swingsytravel.com\/wp-content\/uploads\/2020\/02\/350x100.png","width":350,"height":100,"caption":"Swingsy Travel"},"image":{"@id":"https:\/\/swingsytravel.com\/#\/schema\/logo\/image\/"},"sameAs":["https:\/\/www.facebook.com\/swingsyfrance\/","https:\/\/x.com\/SwingsyFrance","https:\/\/www.instagram.com\/swingsy.insta\/","https:\/\/www.youtube.com\/channel\/UC3HEecp9VYMXuie9yXm_6fA"]}]}},"_links":{"self":[{"href":"https:\/\/swingsytravel.com\/en\/wp-json\/wp\/v2\/product\/6163","targetHints":{"allow":["GET"]}}],"collection":[{"href":"https:\/\/swingsytravel.com\/en\/wp-json\/wp\/v2\/product"}],"about":[{"href":"https:\/\/swingsytravel.com\/en\/wp-json\/wp\/v2\/types\/product"}],"version-history":[{"count":16,"href":"https:\/\/swingsytravel.com\/en\/wp-json\/wp\/v2\/product\/6163\/revisions"}],"predecessor-version":[{"id":6196,"href":"https:\/\/swingsytravel.com\/en\/wp-json\/wp\/v2\/product\/6163\/revisions\/6196"}],"wp:featuredmedia":[{"embeddable":true,"href":"https:\/\/swingsytravel.com\/en\/wp-json\/wp\/v2\/media\/6043"}],"wp:attachment":[{"href":"https:\/\/swingsytravel.com\/en\/wp-json\/wp\/v2\/media?parent=6163"}],"wp:term":[{"taxonomy":"product_cat","embeddable":true,"href":"https:\/\/swingsytravel.com\/en\/wp-json\/wp\/v2\/product_cat?post=6163"},{"taxonomy":"product_tag","embeddable":true,"href":"https:\/\/swingsytravel.com\/en\/wp-json\/wp\/v2\/product_tag?post=6163"}],"curies":[{"name":"wp","href":"https:\/\/api.w.org\/{rel}","templated":true}]}}