{"id":5333,"date":"2023-07-06T16:59:28","date_gmt":"2023-07-06T14:59:28","guid":{"rendered":"https:\/\/test.swingsy.fr\/?page_id=5333"},"modified":"2023-07-06T17:24:21","modified_gmt":"2023-07-06T15:24:21","slug":"elementor-5333","status":"publish","type":"page","link":"https:\/\/swingsytravel.com\/en\/elementor-5333\/","title":{"rendered":"Le Jardin de Babylone"},"content":{"rendered":"<div data-elementor-type=\"wp-page\" data-elementor-id=\"5333\" class=\"elementor elementor-5333\" data-elementor-post-type=\"page\">\n\t\t\t\t<div class=\"elementor-element elementor-element-e2bf126 e-flex e-con-boxed e-con e-parent\" data-id=\"e2bf126\" data-element_type=\"container\">\n\t\t\t\t\t<div class=\"e-con-inner\">\n\t\t\t\t<div class=\"elementor-element elementor-element-8758264 elementor-widget elementor-widget-heading\" data-id=\"8758264\" data-element_type=\"widget\" data-widget_type=\"heading.default\">\n\t\t\t\t<div class=\"elementor-widget-container\">\n\t\t\t<h2 class=\"elementor-heading-title elementor-size-default\">Le Jardin de Babylone, l'h\u00f4tel le plus festif du Cap d'Agde<\/h2>\t\t<\/div>\n\t\t\t\t<\/div>\n\t\t\t\t\t<\/div>\n\t\t\t\t<\/div>\n\t\t<div class=\"elementor-element elementor-element-08ddb17 e-flex e-con-boxed e-con e-parent\" data-id=\"08ddb17\" data-element_type=\"container\">\n\t\t\t\t\t<div class=\"e-con-inner\">\n\t\t<div class=\"elementor-element elementor-element-351c3bb e-con-full e-flex e-con e-parent\" data-id=\"351c3bb\" data-element_type=\"container\">\n\t\t\t\t<\/div>\n\t\t<div class=\"elementor-element elementor-element-4b8722e e-con-full e-flex e-con e-parent\" data-id=\"4b8722e\" data-element_type=\"container\">\n\t\t\t\t<\/div>\n\t\t\t\t<div class=\"elementor-element elementor-element-5742e65 elementor-widget elementor-widget-image\" data-id=\"5742e65\" data-element_type=\"widget\" data-widget_type=\"image.default\">\n\t\t\t\t<div class=\"elementor-widget-container\">\n\t\t\t\t\t\t\t\t\t\t\t\t\t<img decoding=\"async\" src=\"https:\/\/swingsytravel.com\/wp-content\/plugins\/elementor\/assets\/images\/placeholder.png\" title=\"\" alt=\"\" loading=\"lazy\" \/>\t\t\t\t\t\t\t\t\t\t\t\t\t<\/div>\n\t\t\t\t<\/div>\n\t\t\t\t\t<\/div>\n\t\t\t\t<\/div>\n\t\t<div class=\"elementor-element elementor-element-d039b39 e-flex e-con-boxed e-con e-parent\" data-id=\"d039b39\" data-element_type=\"container\">\n\t\t\t\t\t<div class=\"e-con-inner\">\n\t\t\t\t<div class=\"elementor-element elementor-element-22c872d elementor-widget elementor-widget-text-editor\" data-id=\"22c872d\" data-element_type=\"widget\" data-widget_type=\"text-editor.default\">\n\t\t\t\t<div class=\"elementor-widget-container\">\n\t\t\t\t\t\t\t<p>Tombez sous le charme de cette r\u00e9sidence de 67 appartements, exclusivement d\u00e9di\u00e9e aux couples. Elle vous offre un jardin, une grande piscine chauff\u00e9e, un jacuzzi unique, un espace bar et un restaurant.<\/p><p>C&#8217;est l\u00e0 qu&#8217;ont lieux les plus grosse pool party de la saison, notamment l&#8217;Opening et le Closing organis\u00e9s par Swingsy.<\/p><p>Pour les chambres, il y les studios ou les appartements avec chambre s\u00e9par\u00e9e. Elles sont toutes \u00e9quip\u00e9es d&#8217;un coin cuisine avec r\u00e9frig\u00e9rateur, d&#8217;une salle de bain avec douche ou baignoire, de wc, et d&#8217;une terrasse. 3 appartements pour personne \u00e0 mobilit\u00e9 r\u00e9duite sont disponibles.<\/p>\t\t\t\t\t\t<\/div>\n\t\t\t\t<\/div>\n\t\t\t\t\t<\/div>\n\t\t\t\t<\/div>\n\t\t<div class=\"elementor-element elementor-element-2d79256 e-flex e-con-boxed e-con e-parent\" data-id=\"2d79256\" data-element_type=\"container\">\n\t\t\t\t\t<div class=\"e-con-inner\">\n\t\t<div class=\"elementor-element elementor-element-d192e1b e-con-full e-flex e-con e-parent\" data-id=\"d192e1b\" data-element_type=\"container\">\n\t\t\t\t<div class=\"elementor-element elementor-element-653ffc1 elementor-widget elementor-widget-image\" data-id=\"653ffc1\" data-element_type=\"widget\" data-widget_type=\"image.default\">\n\t\t\t\t<div class=\"elementor-widget-container\">\n\t\t\t\t\t\t\t\t\t\t\t\t\t<img decoding=\"async\" src=\"https:\/\/swingsytravel.com\/wp-content\/plugins\/elementor\/assets\/images\/placeholder.png\" title=\"\" alt=\"\" loading=\"lazy\" \/>\t\t\t\t\t\t\t\t\t\t\t\t\t<\/div>\n\t\t\t\t<\/div>\n\t\t\t\t<\/div>\n\t\t\t\t<div class=\"elementor-element elementor-element-4d401be elementor-widget elementor-widget-text-editor\" data-id=\"4d401be\" data-element_type=\"widget\" data-widget_type=\"text-editor.default\">\n\t\t\t\t<div class=\"elementor-widget-container\">\n\t\t\t\t\t\t\t<p>.<\/p>\t\t\t\t\t\t<\/div>\n\t\t\t\t<\/div>\n\t\t<div class=\"elementor-element elementor-element-cb59f66 e-con-full e-flex e-con e-parent\" data-id=\"cb59f66\" data-element_type=\"container\">\n\t\t\t\t<div class=\"elementor-element elementor-element-367e689 elementor-widget elementor-widget-heading\" data-id=\"367e689\" data-element_type=\"widget\" data-widget_type=\"heading.default\">\n\t\t\t\t<div class=\"elementor-widget-container\">\n\t\t\t<h2 class=\"elementor-heading-title elementor-size-default\">Ajoutez votre titre ici<\/h2>\t\t<\/div>\n\t\t\t\t<\/div>\n\t\t\t\t<\/div>\n\t\t\t\t\t<\/div>\n\t\t\t\t<\/div>\n\t\t<div class=\"elementor-element elementor-element-80d21f8 e-flex e-con-boxed e-con e-parent\" data-id=\"80d21f8\" data-element_type=\"container\">\n\t\t\t\t\t<div class=\"e-con-inner\">\n\t\t\t\t<div class=\"elementor-element elementor-element-1bac0b3 elementor-widget elementor-widget-heading\" data-id=\"1bac0b3\" data-element_type=\"widget\" data-widget_type=\"heading.default\">\n\t\t\t\t<div class=\"elementor-widget-container\">\n\t\t\t<h2 class=\"elementor-heading-title elementor-size-default\">Ajoutez votre titre ici<\/h2>\t\t<\/div>\n\t\t\t\t<\/div>\n\t\t\t\t<div class=\"elementor-element elementor-element-2f385d2 elementor-widget elementor-widget-text-editor\" data-id=\"2f385d2\" data-element_type=\"widget\" data-widget_type=\"text-editor.default\">\n\t\t\t\t<div class=\"elementor-widget-container\">\n\t\t\t\t\t\t\t<p>Lorem ipsum dolor sit amet, consectetur adipiscing elit. Ut elit tellus, luctus nec ullamcorper mattis, pulvinar dapibus leo.<\/p>\t\t\t\t\t\t<\/div>\n\t\t\t\t<\/div>\n\t\t\t\t\t<\/div>\n\t\t\t\t<\/div>\n\t\t<div class=\"elementor-element elementor-element-33cfada e-flex e-con-boxed e-con e-parent\" data-id=\"33cfada\" data-element_type=\"container\">\n\t\t\t\t\t<div class=\"e-con-inner\">\n\t\t\t\t\t<\/div>\n\t\t\t\t<\/div>\n\t\t\t\t<\/div>","protected":false},"excerpt":{"rendered":"<p>Le Jardin de Babylone, l&#8217;h\u00f4tel le plus festif du Cap d&#8217;Agde Tombez sous le charme de cette r\u00e9sidence de 67 appartements, exclusivement d\u00e9di\u00e9e aux couples. Elle vous offre un jardin, une grande piscine chauff\u00e9e, un jacuzzi unique, un espace bar et un restaurant. C&#8217;est l\u00e0 qu&#8217;ont lieux les plus grosse pool party de la saison, [&hellip;]<\/p>","protected":false},"author":1,"featured_media":0,"parent":0,"menu_order":0,"comment_status":"closed","ping_status":"closed","template":"","meta":{"footnotes":""},"class_list":["post-5333","page","type-page","status-publish","hentry"],"yoast_head":"<!-- This site is optimized with the Yoast SEO plugin v23.9 - https:\/\/yoast.com\/wordpress\/plugins\/seo\/ -->\n<title>Le Jardin de Babylone - Swingsy Travel<\/title>\n<meta name=\"robots\" content=\"index, follow, max-snippet:-1, max-image-preview:large, max-video-preview:-1\" \/>\n<link rel=\"canonical\" href=\"https:\/\/swingsytravel.com\/en\/elementor-5333\/\" \/>\n<meta property=\"og:locale\" content=\"en_US\" \/>\n<meta property=\"og:type\" content=\"article\" \/>\n<meta property=\"og:title\" content=\"Le Jardin de Babylone - Swingsy Travel\" \/>\n<meta property=\"og:description\" content=\"Le Jardin de Babylone, l&#8217;h\u00f4tel le plus festif du Cap d&#8217;Agde Tombez sous le charme de cette r\u00e9sidence de 67 appartements, exclusivement d\u00e9di\u00e9e aux couples. Elle vous offre un jardin, une grande piscine chauff\u00e9e, un jacuzzi unique, un espace bar et un restaurant. C&#8217;est l\u00e0 qu&#8217;ont lieux les plus grosse pool party de la saison, [&hellip;]\" \/>\n<meta property=\"og:url\" content=\"https:\/\/swingsytravel.com\/en\/elementor-5333\/\" \/>\n<meta property=\"og:site_name\" content=\"Swingsy Travel\" \/>\n<meta property=\"article:publisher\" content=\"https:\/\/www.facebook.com\/swingsyfrance\/\" \/>\n<meta property=\"article:modified_time\" content=\"2023-07-06T15:24:21+00:00\" \/>\n<meta property=\"og:image\" content=\"https:\/\/test.swingsy.fr\/wp-content\/plugins\/elementor\/assets\/images\/placeholder.png\" \/>\n<meta name=\"twitter:card\" content=\"summary_large_image\" \/>\n<meta name=\"twitter:site\" content=\"@SwingsyFrance\" \/>\n<meta name=\"twitter:label1\" content=\"Est. reading time\" \/>\n\t<meta name=\"twitter:data1\" content=\"2 minutes\" \/>\n<script type=\"application\/ld+json\" class=\"yoast-schema-graph\">{\"@context\":\"https:\/\/schema.org\",\"@graph\":[{\"@type\":\"WebPage\",\"@id\":\"https:\/\/swingsytravel.com\/elementor-5333\/\",\"url\":\"https:\/\/swingsytravel.com\/elementor-5333\/\",\"name\":\"Le Jardin de Babylone - Swingsy Travel\",\"isPartOf\":{\"@id\":\"https:\/\/swingsytravel.com\/#website\"},\"primaryImageOfPage\":{\"@id\":\"https:\/\/swingsytravel.com\/elementor-5333\/#primaryimage\"},\"image\":{\"@id\":\"https:\/\/swingsytravel.com\/elementor-5333\/#primaryimage\"},\"thumbnailUrl\":\"https:\/\/test.swingsy.fr\/wp-content\/plugins\/elementor\/assets\/images\/placeholder.png\",\"datePublished\":\"2023-07-06T14:59:28+00:00\",\"dateModified\":\"2023-07-06T15:24:21+00:00\",\"breadcrumb\":{\"@id\":\"https:\/\/swingsytravel.com\/elementor-5333\/#breadcrumb\"},\"inLanguage\":\"en-US\",\"potentialAction\":[{\"@type\":\"ReadAction\",\"target\":[\"https:\/\/swingsytravel.com\/elementor-5333\/\"]}]},{\"@type\":\"ImageObject\",\"inLanguage\":\"en-US\",\"@id\":\"https:\/\/swingsytravel.com\/elementor-5333\/#primaryimage\",\"url\":\"https:\/\/test.swingsy.fr\/wp-content\/plugins\/elementor\/assets\/images\/placeholder.png\",\"contentUrl\":\"https:\/\/test.swingsy.fr\/wp-content\/plugins\/elementor\/assets\/images\/placeholder.png\"},{\"@type\":\"BreadcrumbList\",\"@id\":\"https:\/\/swingsytravel.com\/elementor-5333\/#breadcrumb\",\"itemListElement\":[{\"@type\":\"ListItem\",\"position\":1,\"name\":\"Accueil\",\"item\":\"https:\/\/swingsytravel.com\/\"},{\"@type\":\"ListItem\",\"position\":2,\"name\":\"Le Jardin de Babylone\"}]},{\"@type\":\"WebSite\",\"@id\":\"https:\/\/swingsytravel.com\/#website\",\"url\":\"https:\/\/swingsytravel.com\/\",\"name\":\"Swingsy Travel\",\"description\":\"Orgasmisateur de voyage\",\"publisher\":{\"@id\":\"https:\/\/swingsytravel.com\/#organization\"},\"potentialAction\":[{\"@type\":\"SearchAction\",\"target\":{\"@type\":\"EntryPoint\",\"urlTemplate\":\"https:\/\/swingsytravel.com\/?s={search_term_string}\"},\"query-input\":{\"@type\":\"PropertyValueSpecification\",\"valueRequired\":true,\"valueName\":\"search_term_string\"}}],\"inLanguage\":\"en-US\"},{\"@type\":\"Organization\",\"@id\":\"https:\/\/swingsytravel.com\/#organization\",\"name\":\"Swingsy Travel\",\"url\":\"https:\/\/swingsytravel.com\/\",\"logo\":{\"@type\":\"ImageObject\",\"inLanguage\":\"en-US\",\"@id\":\"https:\/\/swingsytravel.com\/#\/schema\/logo\/image\/\",\"url\":\"https:\/\/swingsytravel.com\/wp-content\/uploads\/2020\/02\/350x100.png\",\"contentUrl\":\"https:\/\/swingsytravel.com\/wp-content\/uploads\/2020\/02\/350x100.png\",\"width\":350,\"height\":100,\"caption\":\"Swingsy Travel\"},\"image\":{\"@id\":\"https:\/\/swingsytravel.com\/#\/schema\/logo\/image\/\"},\"sameAs\":[\"https:\/\/www.facebook.com\/swingsyfrance\/\",\"https:\/\/x.com\/SwingsyFrance\",\"https:\/\/www.instagram.com\/swingsy.insta\/\",\"https:\/\/www.youtube.com\/channel\/UC3HEecp9VYMXuie9yXm_6fA\"]}]}<\/script>\n<!-- \/ Yoast SEO plugin. -->","yoast_head_json":{"title":"Le Jardin de Babylone - Swingsy Travel","robots":{"index":"index","follow":"follow","max-snippet":"max-snippet:-1","max-image-preview":"max-image-preview:large","max-video-preview":"max-video-preview:-1"},"canonical":"https:\/\/swingsytravel.com\/en\/elementor-5333\/","og_locale":"en_US","og_type":"article","og_title":"Le Jardin de Babylone - Swingsy Travel","og_description":"Le Jardin de Babylone, l&#8217;h\u00f4tel le plus festif du Cap d&#8217;Agde Tombez sous le charme de cette r\u00e9sidence de 67 appartements, exclusivement d\u00e9di\u00e9e aux couples. Elle vous offre un jardin, une grande piscine chauff\u00e9e, un jacuzzi unique, un espace bar et un restaurant. C&#8217;est l\u00e0 qu&#8217;ont lieux les plus grosse pool party de la saison, [&hellip;]","og_url":"https:\/\/swingsytravel.com\/en\/elementor-5333\/","og_site_name":"Swingsy Travel","article_publisher":"https:\/\/www.facebook.com\/swingsyfrance\/","article_modified_time":"2023-07-06T15:24:21+00:00","og_image":[{"url":"https:\/\/test.swingsy.fr\/wp-content\/plugins\/elementor\/assets\/images\/placeholder.png"}],"twitter_card":"summary_large_image","twitter_site":"@SwingsyFrance","twitter_misc":{"Est. reading time":"2 minutes"},"schema":{"@context":"https:\/\/schema.org","@graph":[{"@type":"WebPage","@id":"https:\/\/swingsytravel.com\/elementor-5333\/","url":"https:\/\/swingsytravel.com\/elementor-5333\/","name":"Le Jardin de Babylone - Swingsy Travel","isPartOf":{"@id":"https:\/\/swingsytravel.com\/#website"},"primaryImageOfPage":{"@id":"https:\/\/swingsytravel.com\/elementor-5333\/#primaryimage"},"image":{"@id":"https:\/\/swingsytravel.com\/elementor-5333\/#primaryimage"},"thumbnailUrl":"https:\/\/test.swingsy.fr\/wp-content\/plugins\/elementor\/assets\/images\/placeholder.png","datePublished":"2023-07-06T14:59:28+00:00","dateModified":"2023-07-06T15:24:21+00:00","breadcrumb":{"@id":"https:\/\/swingsytravel.com\/elementor-5333\/#breadcrumb"},"inLanguage":"en-US","potentialAction":[{"@type":"ReadAction","target":["https:\/\/swingsytravel.com\/elementor-5333\/"]}]},{"@type":"ImageObject","inLanguage":"en-US","@id":"https:\/\/swingsytravel.com\/elementor-5333\/#primaryimage","url":"https:\/\/test.swingsy.fr\/wp-content\/plugins\/elementor\/assets\/images\/placeholder.png","contentUrl":"https:\/\/test.swingsy.fr\/wp-content\/plugins\/elementor\/assets\/images\/placeholder.png"},{"@type":"BreadcrumbList","@id":"https:\/\/swingsytravel.com\/elementor-5333\/#breadcrumb","itemListElement":[{"@type":"ListItem","position":1,"name":"Accueil","item":"https:\/\/swingsytravel.com\/"},{"@type":"ListItem","position":2,"name":"Le Jardin de Babylone"}]},{"@type":"WebSite","@id":"https:\/\/swingsytravel.com\/#website","url":"https:\/\/swingsytravel.com\/","name":"Swingsy Travel","description":"Orgasmisateur de voyage","publisher":{"@id":"https:\/\/swingsytravel.com\/#organization"},"potentialAction":[{"@type":"SearchAction","target":{"@type":"EntryPoint","urlTemplate":"https:\/\/swingsytravel.com\/?s={search_term_string}"},"query-input":{"@type":"PropertyValueSpecification","valueRequired":true,"valueName":"search_term_string"}}],"inLanguage":"en-US"},{"@type":"Organization","@id":"https:\/\/swingsytravel.com\/#organization","name":"Swingsy Travel","url":"https:\/\/swingsytravel.com\/","logo":{"@type":"ImageObject","inLanguage":"en-US","@id":"https:\/\/swingsytravel.com\/#\/schema\/logo\/image\/","url":"https:\/\/swingsytravel.com\/wp-content\/uploads\/2020\/02\/350x100.png","contentUrl":"https:\/\/swingsytravel.com\/wp-content\/uploads\/2020\/02\/350x100.png","width":350,"height":100,"caption":"Swingsy Travel"},"image":{"@id":"https:\/\/swingsytravel.com\/#\/schema\/logo\/image\/"},"sameAs":["https:\/\/www.facebook.com\/swingsyfrance\/","https:\/\/x.com\/SwingsyFrance","https:\/\/www.instagram.com\/swingsy.insta\/","https:\/\/www.youtube.com\/channel\/UC3HEecp9VYMXuie9yXm_6fA"]}]}},"_links":{"self":[{"href":"https:\/\/swingsytravel.com\/en\/wp-json\/wp\/v2\/pages\/5333","targetHints":{"allow":["GET"]}}],"collection":[{"href":"https:\/\/swingsytravel.com\/en\/wp-json\/wp\/v2\/pages"}],"about":[{"href":"https:\/\/swingsytravel.com\/en\/wp-json\/wp\/v2\/types\/page"}],"author":[{"embeddable":true,"href":"https:\/\/swingsytravel.com\/en\/wp-json\/wp\/v2\/users\/1"}],"replies":[{"embeddable":true,"href":"https:\/\/swingsytravel.com\/en\/wp-json\/wp\/v2\/comments?post=5333"}],"version-history":[{"count":9,"href":"https:\/\/swingsytravel.com\/en\/wp-json\/wp\/v2\/pages\/5333\/revisions"}],"predecessor-version":[{"id":5349,"href":"https:\/\/swingsytravel.com\/en\/wp-json\/wp\/v2\/pages\/5333\/revisions\/5349"}],"wp:attachment":[{"href":"https:\/\/swingsytravel.com\/en\/wp-json\/wp\/v2\/media?parent=5333"}],"curies":[{"name":"wp","href":"https:\/\/api.w.org\/{rel}","templated":true}]}}