{"id":5154,"date":"2023-06-30T19:02:10","date_gmt":"2023-06-30T17:02:10","guid":{"rendered":"https:\/\/test.swingsy.fr\/?page_id=5154"},"modified":"2023-10-13T15:44:29","modified_gmt":"2023-10-13T13:44:29","slug":"a-propos-de-nous-lequipe-swingsy","status":"publish","type":"page","link":"https:\/\/swingsytravel.com\/en\/a-propos-de-nous-lequipe-swingsy\/","title":{"rendered":"About us : The Swingsy team"},"content":{"rendered":"<div data-elementor-type=\"wp-page\" data-elementor-id=\"5154\" class=\"elementor elementor-5154\" data-elementor-post-type=\"page\">\n\t\t\t\t\t\t<section class=\"elementor-section elementor-top-section elementor-element elementor-element-45275b17 elementor-section-boxed elementor-section-height-default elementor-section-height-default\" data-id=\"45275b17\" data-element_type=\"section\">\n\t\t\t\t\t\t<div class=\"elementor-container elementor-column-gap-default\">\n\t\t\t\t\t<div class=\"elementor-column elementor-col-100 elementor-top-column elementor-element elementor-element-62591cf\" data-id=\"62591cf\" data-element_type=\"column\">\n\t\t\t<div class=\"elementor-widget-wrap elementor-element-populated\">\n\t\t\t\t\t\t<div class=\"elementor-element elementor-element-6eb631ac elementor-widget elementor-widget-text-editor\" data-id=\"6eb631ac\" data-element_type=\"widget\" data-widget_type=\"text-editor.default\">\n\t\t\t\t<div class=\"elementor-widget-container\">\n\t\t\t\t\t\t\t<!-- wp:heading -->\n<h2 class=\"wp-block-heading\">About us : The Swingsy team<\/h2>\n<!-- \/wp:heading -->\t\t\t\t\t\t<\/div>\n\t\t\t\t<\/div>\n\t\t\t\t<div class=\"elementor-element elementor-element-bbdca5b elementor-widget elementor-widget-spacer\" data-id=\"bbdca5b\" data-element_type=\"widget\" data-widget_type=\"spacer.default\">\n\t\t\t\t<div class=\"elementor-widget-container\">\n\t\t\t\t\t<div class=\"elementor-spacer\">\n\t\t\t<div class=\"elementor-spacer-inner\"><\/div>\n\t\t<\/div>\n\t\t\t\t<\/div>\n\t\t\t\t<\/div>\n\t\t\t\t<div class=\"elementor-element elementor-element-c3a9378 elementor-widget__width-initial elementor-widget elementor-widget-text-editor\" data-id=\"c3a9378\" data-element_type=\"widget\" data-widget_type=\"text-editor.default\">\n\t\t\t\t<div class=\"elementor-widget-container\">\n\t\t\t\t\t\t\t<p>You're probably wondering who's behind Swingsy and who organizes these wonderful events, right? At Swingsy, a passionate team is at work, but first and foremost, there's David and Julie, present in person at every event and available with Charlotte to answer your emails and messages.<\/p>\n<p>The idea for Swingsy was born in David's mind in 2016, and Julie joined him in this adventure in 2017. David dreamed of a libertine site where everyone could express themselves in complete confidence and discover the desires of others without being confronted with unsolicited content, like those intimate photos that flood profiles on other libertine dating sites.<\/p>\n<p>This is how Swingsy.fr and SwingsyTravel.com came into being, based on an innovative concept: a dating site and a travel site, enabling our members to meet at fabulous events all over the world. Registration on our dating site is based on sponsorship and profile validation, guaranteeing a trusted community with no fake profiles.<\/p>\n<p>All our members must adhere to and respect our rules. We don't allow pornographic photos as profile pictures, but we do accept nudity, as long as it doesn't focus on the genitals. For your most daring photos, we offer private albums. Any breach of respect towards another member will be reported and will result in exclusion from the site.<\/p>\n<p>Our events reflect the values of our dating site: sensuality, respect and the freedom for everyone to live out their fantasies without taboos. On our travel site, we strive to bring together the best destinations for liberated couples, while organizing our own events to party with our members the Swingsy way.<\/p>\n<p>The Swingsy recipe is a subtle blend of entertainment and eroticism, with shows and workshops to awaken the senses of all participants. And we can assure you that no one gets tired of it! We've been organizing the Cap d'Agde Opening and Closing at the Jardin de Babylone for six years now, and our most loyal customers never miss a single edition.<\/p>\n<p>Nous sommes impatients de vous retrouver pour une nouvelle saison au Cap d&#8217;Agde !<\/p>\n<p>David and Julie<\/p>\t\t\t\t\t\t<\/div>\n\t\t\t\t<\/div>\n\t\t\t\t\t<\/div>\n\t\t<\/div>\n\t\t\t\t\t<\/div>\n\t\t<\/section>\n\t\t\t\t<\/div>","protected":false},"excerpt":{"rendered":"<p>\u00c0 propos de nous : L&#8217;\u00e9quipe Swingsy Vous vous demandez sans doute qui se cache derri\u00e8re Swingsy et qui organise ces \u00e9v\u00e9nements merveilleux, n&#8217;est-ce pas ? Chez Swingsy, une \u00e9quipe passionn\u00e9e est \u00e0 l&#8217;\u0153uvre, mais avant tout, il y a David et Julie, pr\u00e9sents en personne lors de chaque \u00e9v\u00e9nement et disponibles avec Charlotte pour [&hellip;]<\/p>","protected":false},"author":1,"featured_media":0,"parent":0,"menu_order":0,"comment_status":"closed","ping_status":"closed","template":"","meta":{"footnotes":""},"class_list":["post-5154","page","type-page","status-publish","hentry"],"yoast_head":"<!-- This site is optimized with the Yoast SEO plugin v23.9 - https:\/\/yoast.com\/wordpress\/plugins\/seo\/ -->\n<title>\u00c0 propos de nous : L&#039;\u00e9quipe Swingsy - Swingsy Travel<\/title>\n<meta name=\"description\" content=\"D\u00e9couvrez l&#039;\u00e9quipe passionn\u00e9e de Swingsy : David et Julie, cr\u00e9ateurs d&#039;\u00e9v\u00e9nements libertins uniques. Des moments magiques vous attendent.\" \/>\n<meta name=\"robots\" content=\"index, follow, max-snippet:-1, max-image-preview:large, max-video-preview:-1\" \/>\n<link rel=\"canonical\" href=\"https:\/\/swingsytravel.com\/en\/a-propos-de-nous-lequipe-swingsy\/\" \/>\n<meta property=\"og:locale\" content=\"en_US\" \/>\n<meta property=\"og:type\" content=\"article\" \/>\n<meta property=\"og:title\" content=\"\u00c0 propos de nous : L&#039;\u00e9quipe Swingsy - Swingsy Travel\" \/>\n<meta property=\"og:description\" content=\"D\u00e9couvrez l&#039;\u00e9quipe passionn\u00e9e de Swingsy : David et Julie, cr\u00e9ateurs d&#039;\u00e9v\u00e9nements libertins uniques. Des moments magiques vous attendent.\" \/>\n<meta property=\"og:url\" content=\"https:\/\/swingsytravel.com\/en\/a-propos-de-nous-lequipe-swingsy\/\" \/>\n<meta property=\"og:site_name\" content=\"Swingsy Travel\" \/>\n<meta property=\"article:publisher\" content=\"https:\/\/www.facebook.com\/swingsyfrance\/\" \/>\n<meta property=\"article:modified_time\" content=\"2023-10-13T13:44:29+00:00\" \/>\n<meta name=\"twitter:card\" content=\"summary_large_image\" \/>\n<meta name=\"twitter:site\" content=\"@SwingsyFrance\" \/>\n<meta name=\"twitter:label1\" content=\"Est. reading time\" \/>\n\t<meta name=\"twitter:data1\" content=\"2 minutes\" \/>\n<script type=\"application\/ld+json\" class=\"yoast-schema-graph\">{\"@context\":\"https:\/\/schema.org\",\"@graph\":[{\"@type\":\"WebPage\",\"@id\":\"https:\/\/swingsytravel.com\/a-propos-de-nous-lequipe-swingsy\/\",\"url\":\"https:\/\/swingsytravel.com\/a-propos-de-nous-lequipe-swingsy\/\",\"name\":\"\u00c0 propos de nous : L'\u00e9quipe Swingsy - Swingsy Travel\",\"isPartOf\":{\"@id\":\"https:\/\/swingsytravel.com\/#website\"},\"datePublished\":\"2023-06-30T17:02:10+00:00\",\"dateModified\":\"2023-10-13T13:44:29+00:00\",\"description\":\"D\u00e9couvrez l'\u00e9quipe passionn\u00e9e de Swingsy : David et Julie, cr\u00e9ateurs d'\u00e9v\u00e9nements libertins uniques. Des moments magiques vous attendent.\",\"breadcrumb\":{\"@id\":\"https:\/\/swingsytravel.com\/a-propos-de-nous-lequipe-swingsy\/#breadcrumb\"},\"inLanguage\":\"en-US\",\"potentialAction\":[{\"@type\":\"ReadAction\",\"target\":[\"https:\/\/swingsytravel.com\/a-propos-de-nous-lequipe-swingsy\/\"]}]},{\"@type\":\"BreadcrumbList\",\"@id\":\"https:\/\/swingsytravel.com\/a-propos-de-nous-lequipe-swingsy\/#breadcrumb\",\"itemListElement\":[{\"@type\":\"ListItem\",\"position\":1,\"name\":\"Accueil\",\"item\":\"https:\/\/swingsytravel.com\/\"},{\"@type\":\"ListItem\",\"position\":2,\"name\":\"\u00c0 propos de nous : L&#8217;\u00e9quipe Swingsy\"}]},{\"@type\":\"WebSite\",\"@id\":\"https:\/\/swingsytravel.com\/#website\",\"url\":\"https:\/\/swingsytravel.com\/\",\"name\":\"Swingsy Travel\",\"description\":\"Orgasmisateur de voyage\",\"publisher\":{\"@id\":\"https:\/\/swingsytravel.com\/#organization\"},\"potentialAction\":[{\"@type\":\"SearchAction\",\"target\":{\"@type\":\"EntryPoint\",\"urlTemplate\":\"https:\/\/swingsytravel.com\/?s={search_term_string}\"},\"query-input\":{\"@type\":\"PropertyValueSpecification\",\"valueRequired\":true,\"valueName\":\"search_term_string\"}}],\"inLanguage\":\"en-US\"},{\"@type\":\"Organization\",\"@id\":\"https:\/\/swingsytravel.com\/#organization\",\"name\":\"Swingsy Travel\",\"url\":\"https:\/\/swingsytravel.com\/\",\"logo\":{\"@type\":\"ImageObject\",\"inLanguage\":\"en-US\",\"@id\":\"https:\/\/swingsytravel.com\/#\/schema\/logo\/image\/\",\"url\":\"https:\/\/swingsytravel.com\/wp-content\/uploads\/2020\/02\/350x100.png\",\"contentUrl\":\"https:\/\/swingsytravel.com\/wp-content\/uploads\/2020\/02\/350x100.png\",\"width\":350,\"height\":100,\"caption\":\"Swingsy Travel\"},\"image\":{\"@id\":\"https:\/\/swingsytravel.com\/#\/schema\/logo\/image\/\"},\"sameAs\":[\"https:\/\/www.facebook.com\/swingsyfrance\/\",\"https:\/\/x.com\/SwingsyFrance\",\"https:\/\/www.instagram.com\/swingsy.insta\/\",\"https:\/\/www.youtube.com\/channel\/UC3HEecp9VYMXuie9yXm_6fA\"]}]}<\/script>\n<!-- \/ Yoast SEO plugin. -->","yoast_head_json":{"title":"\u00c0 propos de nous : L'\u00e9quipe Swingsy - Swingsy Travel","description":"D\u00e9couvrez l'\u00e9quipe passionn\u00e9e de Swingsy : David et Julie, cr\u00e9ateurs d'\u00e9v\u00e9nements libertins uniques. Des moments magiques vous attendent.","robots":{"index":"index","follow":"follow","max-snippet":"max-snippet:-1","max-image-preview":"max-image-preview:large","max-video-preview":"max-video-preview:-1"},"canonical":"https:\/\/swingsytravel.com\/en\/a-propos-de-nous-lequipe-swingsy\/","og_locale":"en_US","og_type":"article","og_title":"\u00c0 propos de nous : L'\u00e9quipe Swingsy - Swingsy Travel","og_description":"D\u00e9couvrez l'\u00e9quipe passionn\u00e9e de Swingsy : David et Julie, cr\u00e9ateurs d'\u00e9v\u00e9nements libertins uniques. Des moments magiques vous attendent.","og_url":"https:\/\/swingsytravel.com\/en\/a-propos-de-nous-lequipe-swingsy\/","og_site_name":"Swingsy Travel","article_publisher":"https:\/\/www.facebook.com\/swingsyfrance\/","article_modified_time":"2023-10-13T13:44:29+00:00","twitter_card":"summary_large_image","twitter_site":"@SwingsyFrance","twitter_misc":{"Est. reading time":"2 minutes"},"schema":{"@context":"https:\/\/schema.org","@graph":[{"@type":"WebPage","@id":"https:\/\/swingsytravel.com\/a-propos-de-nous-lequipe-swingsy\/","url":"https:\/\/swingsytravel.com\/a-propos-de-nous-lequipe-swingsy\/","name":"\u00c0 propos de nous : L'\u00e9quipe Swingsy - Swingsy Travel","isPartOf":{"@id":"https:\/\/swingsytravel.com\/#website"},"datePublished":"2023-06-30T17:02:10+00:00","dateModified":"2023-10-13T13:44:29+00:00","description":"D\u00e9couvrez l'\u00e9quipe passionn\u00e9e de Swingsy : David et Julie, cr\u00e9ateurs d'\u00e9v\u00e9nements libertins uniques. Des moments magiques vous attendent.","breadcrumb":{"@id":"https:\/\/swingsytravel.com\/a-propos-de-nous-lequipe-swingsy\/#breadcrumb"},"inLanguage":"en-US","potentialAction":[{"@type":"ReadAction","target":["https:\/\/swingsytravel.com\/a-propos-de-nous-lequipe-swingsy\/"]}]},{"@type":"BreadcrumbList","@id":"https:\/\/swingsytravel.com\/a-propos-de-nous-lequipe-swingsy\/#breadcrumb","itemListElement":[{"@type":"ListItem","position":1,"name":"Accueil","item":"https:\/\/swingsytravel.com\/"},{"@type":"ListItem","position":2,"name":"\u00c0 propos de nous : L&#8217;\u00e9quipe Swingsy"}]},{"@type":"WebSite","@id":"https:\/\/swingsytravel.com\/#website","url":"https:\/\/swingsytravel.com\/","name":"Swingsy Travel","description":"Orgasmisateur de voyage","publisher":{"@id":"https:\/\/swingsytravel.com\/#organization"},"potentialAction":[{"@type":"SearchAction","target":{"@type":"EntryPoint","urlTemplate":"https:\/\/swingsytravel.com\/?s={search_term_string}"},"query-input":{"@type":"PropertyValueSpecification","valueRequired":true,"valueName":"search_term_string"}}],"inLanguage":"en-US"},{"@type":"Organization","@id":"https:\/\/swingsytravel.com\/#organization","name":"Swingsy Travel","url":"https:\/\/swingsytravel.com\/","logo":{"@type":"ImageObject","inLanguage":"en-US","@id":"https:\/\/swingsytravel.com\/#\/schema\/logo\/image\/","url":"https:\/\/swingsytravel.com\/wp-content\/uploads\/2020\/02\/350x100.png","contentUrl":"https:\/\/swingsytravel.com\/wp-content\/uploads\/2020\/02\/350x100.png","width":350,"height":100,"caption":"Swingsy Travel"},"image":{"@id":"https:\/\/swingsytravel.com\/#\/schema\/logo\/image\/"},"sameAs":["https:\/\/www.facebook.com\/swingsyfrance\/","https:\/\/x.com\/SwingsyFrance","https:\/\/www.instagram.com\/swingsy.insta\/","https:\/\/www.youtube.com\/channel\/UC3HEecp9VYMXuie9yXm_6fA"]}]}},"_links":{"self":[{"href":"https:\/\/swingsytravel.com\/en\/wp-json\/wp\/v2\/pages\/5154","targetHints":{"allow":["GET"]}}],"collection":[{"href":"https:\/\/swingsytravel.com\/en\/wp-json\/wp\/v2\/pages"}],"about":[{"href":"https:\/\/swingsytravel.com\/en\/wp-json\/wp\/v2\/types\/page"}],"author":[{"embeddable":true,"href":"https:\/\/swingsytravel.com\/en\/wp-json\/wp\/v2\/users\/1"}],"replies":[{"embeddable":true,"href":"https:\/\/swingsytravel.com\/en\/wp-json\/wp\/v2\/comments?post=5154"}],"version-history":[{"count":15,"href":"https:\/\/swingsytravel.com\/en\/wp-json\/wp\/v2\/pages\/5154\/revisions"}],"predecessor-version":[{"id":5765,"href":"https:\/\/swingsytravel.com\/en\/wp-json\/wp\/v2\/pages\/5154\/revisions\/5765"}],"wp:attachment":[{"href":"https:\/\/swingsytravel.com\/en\/wp-json\/wp\/v2\/media?parent=5154"}],"curies":[{"name":"wp","href":"https:\/\/api.w.org\/{rel}","templated":true}]}}