{"id":3339,"date":"2019-06-02T05:41:06","date_gmt":"2019-06-02T05:41:06","guid":{"rendered":"https:\/\/test.swingsy.fr\/?page_id=3339"},"modified":"2025-06-18T17:11:59","modified_gmt":"2025-06-18T15:11:59","slug":"home-swingsy-travel","status":"publish","type":"page","link":"https:\/\/swingsytravel.com\/en\/","title":{"rendered":"Home Swingsy Travel"},"content":{"rendered":"<div data-elementor-type=\"wp-post\" data-elementor-id=\"3339\" class=\"elementor elementor-3339\" data-elementor-post-type=\"page\">\n\t\t\t\t<div class=\"elementor-element elementor-element-763fe3bb e-flex e-con-boxed e-con e-parent\" data-id=\"763fe3bb\" data-element_type=\"container\" data-settings=\"{&quot;background_background&quot;:&quot;classic&quot;}\">\n\t\t\t\t\t<div class=\"e-con-inner\">\n\t\t\t\t<div class=\"elementor-element elementor-element-65810067 elementor-widget elementor-widget-heading\" data-id=\"65810067\" data-element_type=\"widget\" data-widget_type=\"heading.default\">\n\t\t\t\t<div class=\"elementor-widget-container\">\n\t\t\t<h1 class=\"elementor-heading-title elementor-size-default\">TRAVEL ORGASMIZER<\/h1>\t\t<\/div>\n\t\t\t\t<\/div>\n\t\t\t\t<div class=\"elementor-element elementor-element-eb7eeb8 elementor-widget elementor-widget-text-editor\" data-id=\"eb7eeb8\" data-element_type=\"widget\" data-widget_type=\"text-editor.default\">\n\t\t\t\t<div class=\"elementor-widget-container\">\n\t\t\t\t\t\t\t<p>SWINGSY TRAVEL<\/p>\t\t\t\t\t\t<\/div>\n\t\t\t\t<\/div>\n\t\t\t\t<div class=\"elementor-element elementor-element-73cc176f elementor-align-center elementor-widget elementor-widget-button\" data-id=\"73cc176f\" data-element_type=\"widget\" data-widget_type=\"button.default\">\n\t\t\t\t<div class=\"elementor-widget-container\">\n\t\t\t\t\t\t\t<div class=\"elementor-button-wrapper\">\n\t\t\t\t\t<a class=\"elementor-button elementor-button-link elementor-size-lg\" href=\"https:\/\/swingsytravel.com\/en\/destinations-libertines\/\">\n\t\t\t\t\t\t<span class=\"elementor-button-content-wrapper\">\n\t\t\t\t\t\t\t\t\t<span class=\"elementor-button-text\">Nos destinations<\/span>\n\t\t\t\t\t<\/span>\n\t\t\t\t\t<\/a>\n\t\t\t\t<\/div>\n\t\t\t\t\t\t<\/div>\n\t\t\t\t<\/div>\n\t\t\t\t\t<\/div>\n\t\t\t\t<\/div>\n\t\t<div class=\"elementor-element elementor-element-98e9b18 e-flex e-con-boxed e-con e-parent\" data-id=\"98e9b18\" data-element_type=\"container\">\n\t\t\t\t\t<div class=\"e-con-inner\">\n\t\t<a class=\"elementor-element elementor-element-4f4c96f e-flex e-con-boxed e-con e-child\" data-id=\"4f4c96f\" data-element_type=\"container\">\n\t\t\t\t\t<div class=\"e-con-inner\">\n\t\t\t\t<div class=\"elementor-element elementor-element-78fe123 elementor-widget elementor-widget-heading\" data-id=\"78fe123\" data-element_type=\"widget\" data-widget_type=\"heading.default\">\n\t\t\t\t<div class=\"elementor-widget-container\">\n\t\t\t<h2 class=\"elementor-heading-title elementor-size-default\">\u00c0 la une en ce moment<\/h2>\t\t<\/div>\n\t\t\t\t<\/div>\n\t\t\t\t\t<\/div>\n\t\t\t\t<\/a>\n\t\t\t\t\t<\/div>\n\t\t\t\t<\/div>\n\t\t<div class=\"elementor-element elementor-element-b5ddb4f e-flex e-con-boxed e-con e-parent\" data-id=\"b5ddb4f\" data-element_type=\"container\">\n\t\t\t\t\t<div class=\"e-con-inner\">\n\t\t<div class=\"elementor-element elementor-element-ca60fda e-con-full e-flex e-con e-child\" data-id=\"ca60fda\" data-element_type=\"container\">\n\t\t\t\t<div class=\"elementor-element elementor-element-043ad34 elementor-widget elementor-widget-image\" data-id=\"043ad34\" data-element_type=\"widget\" data-widget_type=\"image.default\">\n\t\t\t\t<div class=\"elementor-widget-container\">\n\t\t\t\t\t\t\t\t\t\t\t\t\t\t<a href=\"https:\/\/swingsytravel.com\/en\/product\/investissement-vibes-resort-cap-agde\/\">\n\t\t\t\t\t\t\t<img fetchpriority=\"high\" decoding=\"async\" width=\"800\" height=\"1000\" src=\"https:\/\/swingsytravel.com\/wp-content\/uploads\/2025\/06\/Vibes-Jacuzzi.jpg\" class=\"attachment-large size-large wp-image-6649\" alt=\"\" \/>\t\t\t\t\t\t\t\t<\/a>\n\t\t\t\t\t\t\t\t\t\t\t\t\t<\/div>\n\t\t\t\t<\/div>\n\t\t\t\t<\/div>\n\t\t<div class=\"elementor-element elementor-element-ac89787 e-con-full e-flex e-con e-child\" data-id=\"ac89787\" data-element_type=\"container\">\n\t\t\t\t<div class=\"elementor-element elementor-element-4bca7f3 elementor-widget elementor-widget-image\" data-id=\"4bca7f3\" data-element_type=\"widget\" data-widget_type=\"image.default\">\n\t\t\t\t<div class=\"elementor-widget-container\">\n\t\t\t\t\t\t\t\t\t\t\t\t\t\t<a href=\"https:\/\/swingsytravel.com\/en\/product\/investissement-vibes-resort-cap-agde\/\">\n\t\t\t\t\t\t\t<img decoding=\"async\" width=\"726\" height=\"1024\" src=\"https:\/\/swingsytravel.com\/wp-content\/uploads\/2025\/06\/Vibes.jpg\" class=\"attachment-large size-large wp-image-6639\" alt=\"\" \/>\t\t\t\t\t\t\t\t<\/a>\n\t\t\t\t\t\t\t\t\t\t\t\t\t<\/div>\n\t\t\t\t<\/div>\n\t\t\t\t<\/div>\n\t\t<div class=\"elementor-element elementor-element-375fc39 e-con-full e-flex e-con e-child\" data-id=\"375fc39\" data-element_type=\"container\">\n\t\t\t\t<div class=\"elementor-element elementor-element-d0e5b59 elementor-widget elementor-widget-image\" data-id=\"d0e5b59\" data-element_type=\"widget\" data-widget_type=\"image.default\">\n\t\t\t\t<div class=\"elementor-widget-container\">\n\t\t\t\t\t\t\t\t\t\t\t\t\t\t<a href=\"https:\/\/swingsytravel.com\/en\/product\/investissement-vibes-resort-cap-agde\/\">\n\t\t\t\t\t\t\t<img decoding=\"async\" width=\"800\" height=\"1000\" src=\"https:\/\/swingsytravel.com\/wp-content\/uploads\/2025\/06\/Vibes-Chambres.jpg\" class=\"attachment-large size-large wp-image-6648\" alt=\"\" \/>\t\t\t\t\t\t\t\t<\/a>\n\t\t\t\t\t\t\t\t\t\t\t\t\t<\/div>\n\t\t\t\t<\/div>\n\t\t\t\t<\/div>\n\t\t\t\t\t<\/div>\n\t\t\t\t<\/div>\n\t\t<div class=\"elementor-element elementor-element-f16854e e-flex e-con-boxed e-con e-parent\" data-id=\"f16854e\" data-element_type=\"container\">\n\t\t\t\t\t<div class=\"e-con-inner\">\n\t\t<div class=\"elementor-element elementor-element-b37b47a e-con-full e-flex e-con e-child\" data-id=\"b37b47a\" data-element_type=\"container\">\n\t\t\t\t<\/div>\n\t\t<div class=\"elementor-element elementor-element-bca31ff e-con-full e-flex e-con e-child\" data-id=\"bca31ff\" data-element_type=\"container\">\n\t\t\t\t<div class=\"elementor-element elementor-element-0b4bf60 elementor-align-center elementor-widget elementor-widget-button\" data-id=\"0b4bf60\" data-element_type=\"widget\" data-widget_type=\"button.default\">\n\t\t\t\t<div class=\"elementor-widget-container\">\n\t\t\t\t\t\t\t<div class=\"elementor-button-wrapper\">\n\t\t\t\t\t<a class=\"elementor-button elementor-button-link elementor-size-lg\" href=\"https:\/\/swingsytravel.com\/en\/product\/investissement-vibes-resort-cap-agde\/\">\n\t\t\t\t\t\t<span class=\"elementor-button-content-wrapper\">\n\t\t\t\t\t\t\t\t\t<span class=\"elementor-button-text\">LEARN MORE<\/span>\n\t\t\t\t\t<\/span>\n\t\t\t\t\t<\/a>\n\t\t\t\t<\/div>\n\t\t\t\t\t\t<\/div>\n\t\t\t\t<\/div>\n\t\t\t\t<\/div>\n\t\t<div class=\"elementor-element elementor-element-3d1629e e-con-full e-flex e-con e-child\" data-id=\"3d1629e\" data-element_type=\"container\">\n\t\t\t\t<\/div>\n\t\t\t\t\t<\/div>\n\t\t\t\t<\/div>\n\t\t<div class=\"elementor-element elementor-element-af2878c e-flex e-con-boxed e-con e-parent\" data-id=\"af2878c\" data-element_type=\"container\">\n\t\t\t\t\t<div class=\"e-con-inner\">\n\t\t\t\t<div class=\"elementor-element elementor-element-7083dfa elementor-widget elementor-widget-spacer\" data-id=\"7083dfa\" data-element_type=\"widget\" data-widget_type=\"spacer.default\">\n\t\t\t\t<div class=\"elementor-widget-container\">\n\t\t\t\t\t<div class=\"elementor-spacer\">\n\t\t\t<div class=\"elementor-spacer-inner\"><\/div>\n\t\t<\/div>\n\t\t\t\t<\/div>\n\t\t\t\t<\/div>\n\t\t<div class=\"elementor-element elementor-element-5c0bb5b e-flex e-con-boxed e-con e-child\" data-id=\"5c0bb5b\" data-element_type=\"container\">\n\t\t\t\t\t<div class=\"e-con-inner\">\n\t\t\t\t<div class=\"elementor-element elementor-element-068a2f6 elementor-widget elementor-widget-video\" data-id=\"068a2f6\" data-element_type=\"widget\" data-settings=\"{&quot;youtube_url&quot;:&quot;https:\\\/\\\/www.youtube.com\\\/watch?v=pHP2-jCpFhU&quot;,&quot;video_type&quot;:&quot;youtube&quot;,&quot;controls&quot;:&quot;yes&quot;}\" data-widget_type=\"video.default\">\n\t\t\t\t<div class=\"elementor-widget-container\">\n\t\t\t\t\t<div class=\"elementor-wrapper elementor-open-inline\">\n\t\t\t<div class=\"elementor-video\"><\/div>\t\t<\/div>\n\t\t\t\t<\/div>\n\t\t\t\t<\/div>\n\t\t\t\t<div class=\"elementor-element elementor-element-03b2abd elementor-widget elementor-widget-spacer\" data-id=\"03b2abd\" data-element_type=\"widget\" data-widget_type=\"spacer.default\">\n\t\t\t\t<div class=\"elementor-widget-container\">\n\t\t\t\t\t<div class=\"elementor-spacer\">\n\t\t\t<div class=\"elementor-spacer-inner\"><\/div>\n\t\t<\/div>\n\t\t\t\t<\/div>\n\t\t\t\t<\/div>\n\t\t\t\t\t<\/div>\n\t\t\t\t<\/div>\n\t\t\t\t\t<\/div>\n\t\t\t\t<\/div>\n\t\t<div class=\"elementor-element elementor-element-113debed e-con-full e-flex e-con e-parent\" data-id=\"113debed\" data-element_type=\"container\" data-settings=\"{&quot;background_background&quot;:&quot;classic&quot;}\">\n\t\t<div class=\"elementor-element elementor-element-ab6bb6e e-con-full e-flex e-con e-child\" data-id=\"ab6bb6e\" data-element_type=\"container\" data-settings=\"{&quot;background_background&quot;:&quot;classic&quot;}\">\n\t\t\t\t<div class=\"elementor-element elementor-element-51a4cba0 elementor-widget elementor-widget-heading\" data-id=\"51a4cba0\" data-element_type=\"widget\" data-widget_type=\"heading.default\">\n\t\t\t\t<div class=\"elementor-widget-container\">\n\t\t\t<h2 class=\"elementor-heading-title elementor-size-default\">Your libertine travel agency<br><\/h2>\t\t<\/div>\n\t\t\t\t<\/div>\n\t\t\t\t<div class=\"elementor-element elementor-element-23a763e elementor-widget elementor-widget-heading\" data-id=\"23a763e\" data-element_type=\"widget\" data-widget_type=\"heading.default\">\n\t\t\t\t<div class=\"elementor-widget-container\">\n\t\t\t<h2 class=\"elementor-heading-title elementor-size-default\">DISCOVER NEW SENSATIONS<\/h2>\t\t<\/div>\n\t\t\t\t<\/div>\n\t\t\t\t<div class=\"elementor-element elementor-element-2432ded9 elementor-widget elementor-widget-text-editor\" data-id=\"2432ded9\" data-element_type=\"widget\" data-widget_type=\"text-editor.default\">\n\t\t\t\t<div class=\"elementor-widget-container\">\n\t\t\t\t\t\t\t<p>Swingsy Travel's promise is to offer you the perfect libertine holiday, with top quality at an affordable price.<\/p>\n<p>Our travel agency is registered under the number IM075110179 and we offer trips for committed couples in Europe and around the world, from cruises for libertines to naughty stays in guesthouses.&nbsp;<\/p><p>We also organize trips in partnership with naturist clubs and hotels around the world.<\/p>\t\t\t\t\t\t<\/div>\n\t\t\t\t<\/div>\n\t\t\t\t<div class=\"elementor-element elementor-element-3b752b9 elementor-align-center elementor-widget elementor-widget-button\" data-id=\"3b752b9\" data-element_type=\"widget\" data-widget_type=\"button.default\">\n\t\t\t\t<div class=\"elementor-widget-container\">\n\t\t\t\t\t\t\t<div class=\"elementor-button-wrapper\">\n\t\t\t\t\t<a class=\"elementor-button elementor-button-link elementor-size-lg\" href=\"https:\/\/swingsytravel.com\/en\/a-propos-de-nous-lequipe-swingsy\/\">\n\t\t\t\t\t\t<span class=\"elementor-button-content-wrapper\">\n\t\t\t\t\t\t\t\t\t<span class=\"elementor-button-text\">WHO are we?<\/span>\n\t\t\t\t\t<\/span>\n\t\t\t\t\t<\/a>\n\t\t\t\t<\/div>\n\t\t\t\t\t\t<\/div>\n\t\t\t\t<\/div>\n\t\t\t\t<\/div>\n\t\t<div class=\"elementor-element elementor-element-49e3e085 e-con-full e-flex e-con e-child\" data-id=\"49e3e085\" data-element_type=\"container\" data-settings=\"{&quot;background_background&quot;:&quot;classic&quot;}\">\n\t\t\t\t<\/div>\n\t\t\t\t<\/div>\n\t\t<div class=\"elementor-element elementor-element-45aea90 e-con-full e-flex e-con e-parent\" data-id=\"45aea90\" data-element_type=\"container\" data-settings=\"{&quot;background_background&quot;:&quot;classic&quot;}\">\n\t\t<div class=\"elementor-element elementor-element-2e875e7 e-con-full e-flex e-con e-child\" data-id=\"2e875e7\" data-element_type=\"container\" data-settings=\"{&quot;background_background&quot;:&quot;classic&quot;}\">\n\t\t\t\t<\/div>\n\t\t<div class=\"elementor-element elementor-element-6c2b8ac e-con-full e-flex e-con e-child\" data-id=\"6c2b8ac\" data-element_type=\"container\" data-settings=\"{&quot;background_background&quot;:&quot;classic&quot;}\">\n\t\t\t\t<div class=\"elementor-element elementor-element-3856522 elementor-widget elementor-widget-heading\" data-id=\"3856522\" data-element_type=\"widget\" data-widget_type=\"heading.default\">\n\t\t\t\t<div class=\"elementor-widget-container\">\n\t\t\t<h2 class=\"elementor-heading-title elementor-size-default\">Our dating site<br><\/h2>\t\t<\/div>\n\t\t\t\t<\/div>\n\t\t\t\t<div class=\"elementor-element elementor-element-53b15e0 elementor-widget elementor-widget-heading\" data-id=\"53b15e0\" data-element_type=\"widget\" data-widget_type=\"heading.default\">\n\t\t\t\t<div class=\"elementor-widget-container\">\n\t\t\t<h2 class=\"elementor-heading-title elementor-size-default\">join the swingsy community<\/h2>\t\t<\/div>\n\t\t\t\t<\/div>\n\t\t\t\t<div class=\"elementor-element elementor-element-ec3a0b6 elementor-widget elementor-widget-image\" data-id=\"ec3a0b6\" data-element_type=\"widget\" data-widget_type=\"image.default\">\n\t\t\t\t<div class=\"elementor-widget-container\">\n\t\t\t\t\t\t\t\t\t\t\t\t\t<img loading=\"lazy\" decoding=\"async\" width=\"250\" height=\"60\" src=\"https:\/\/swingsytravel.com\/wp-content\/uploads\/2023\/06\/250x60.png\" class=\"attachment-large size-large wp-image-4811\" alt=\"\" \/>\t\t\t\t\t\t\t\t\t\t\t\t\t<\/div>\n\t\t\t\t<\/div>\n\t\t\t\t<div class=\"elementor-element elementor-element-f013293 elementor-widget elementor-widget-text-editor\" data-id=\"f013293\" data-element_type=\"widget\" data-widget_type=\"text-editor.default\">\n\t\t\t\t<div class=\"elementor-widget-container\">\n\t\t\t\t\t\t\t<p class=\"home-hero__subtitle ng-binding\">The only dating site based on referrals.<\/p><div class=\"home-hero__text ng-binding\">Since 2016, Swingsy offers you the opportunity to find your libertine partners. We want Swingsy to remain a libertine circle based on trust and respect, which is why we operate on a referral and validation system.<\/div>\t\t\t\t\t\t<\/div>\n\t\t\t\t<\/div>\n\t\t\t\t<div class=\"elementor-element elementor-element-e2034a8 elementor-align-center elementor-widget elementor-widget-button\" data-id=\"e2034a8\" data-element_type=\"widget\" data-widget_type=\"button.default\">\n\t\t\t\t<div class=\"elementor-widget-container\">\n\t\t\t\t\t\t\t<div class=\"elementor-button-wrapper\">\n\t\t\t\t\t<a class=\"elementor-button elementor-button-link elementor-size-lg\" href=\"https:\/\/swingsy.fr\/\">\n\t\t\t\t\t\t<span class=\"elementor-button-content-wrapper\">\n\t\t\t\t\t\t\t\t\t<span class=\"elementor-button-text\">LEARN MORE<\/span>\n\t\t\t\t\t<\/span>\n\t\t\t\t\t<\/a>\n\t\t\t\t<\/div>\n\t\t\t\t\t\t<\/div>\n\t\t\t\t<\/div>\n\t\t\t\t<\/div>\n\t\t\t\t<\/div>\n\t\t<div class=\"elementor-element elementor-element-5515954 e-flex e-con-boxed e-con e-parent\" data-id=\"5515954\" data-element_type=\"container\">\n\t\t\t\t\t<div class=\"e-con-inner\">\n\t\t\t\t<div class=\"elementor-element elementor-element-e0d2e9a elementor-widget elementor-widget-spacer\" data-id=\"e0d2e9a\" data-element_type=\"widget\" data-widget_type=\"spacer.default\">\n\t\t\t\t<div class=\"elementor-widget-container\">\n\t\t\t\t\t<div class=\"elementor-spacer\">\n\t\t\t<div class=\"elementor-spacer-inner\"><\/div>\n\t\t<\/div>\n\t\t\t\t<\/div>\n\t\t\t\t<\/div>\n\t\t\t\t\t<\/div>\n\t\t\t\t<\/div>\n\t\t\t\t<\/div>","protected":false},"excerpt":{"rendered":"<p>orgasmisateur de voyages SWINGSY TRAVEL Nos destinations \u00c0 la une en ce moment EN SAVOIR PLUS Votre agence de voyage libertine Explorez de nouvelles sensations Vous offrir des s\u00e9jours libertins juste parfaits, de qualit\u00e9 haut de gamme mais \u00e0 un prix abordable, c\u2019est la promesse de Swingsy Travel. Notre agence de voyage est enregistr\u00e9e sous [&hellip;]<\/p>","protected":false},"author":1,"featured_media":0,"parent":0,"menu_order":0,"comment_status":"closed","ping_status":"closed","template":"","meta":{"footnotes":""},"class_list":["post-3339","page","type-page","status-publish","hentry"],"yoast_head":"<!-- This site is optimized with the Yoast SEO plugin v23.9 - https:\/\/yoast.com\/wordpress\/plugins\/seo\/ -->\n<title>Home Swingsy Travel - Swingsy Travel<\/title>\n<meta name=\"description\" content=\"Swingsy, une \u00e9quipe passionn\u00e9e derri\u00e8re des \u00e9v\u00e9nements libertins. David et Julie, fondateurs, organisent des voyages fun et sensuels.\" \/>\n<meta name=\"robots\" content=\"index, follow, max-snippet:-1, max-image-preview:large, max-video-preview:-1\" \/>\n<link rel=\"canonical\" href=\"https:\/\/swingsytravel.com\/en\/\" \/>\n<meta property=\"og:locale\" content=\"en_US\" \/>\n<meta property=\"og:type\" content=\"article\" \/>\n<meta property=\"og:title\" content=\"Home Swingsy Travel - Swingsy Travel\" \/>\n<meta property=\"og:description\" content=\"Swingsy, une \u00e9quipe passionn\u00e9e derri\u00e8re des \u00e9v\u00e9nements libertins. David et Julie, fondateurs, organisent des voyages fun et sensuels.\" \/>\n<meta property=\"og:url\" content=\"https:\/\/swingsytravel.com\/en\/\" \/>\n<meta property=\"og:site_name\" content=\"Swingsy Travel\" \/>\n<meta property=\"article:publisher\" content=\"https:\/\/www.facebook.com\/swingsyfrance\/\" \/>\n<meta property=\"article:modified_time\" content=\"2025-06-18T15:11:59+00:00\" \/>\n<meta property=\"og:image\" content=\"https:\/\/swingsytravel.com\/wp-content\/uploads\/2025\/06\/Vibes-Jacuzzi.jpg\" \/>\n\t<meta property=\"og:image:width\" content=\"1080\" \/>\n\t<meta property=\"og:image:height\" content=\"1350\" \/>\n\t<meta property=\"og:image:type\" content=\"image\/jpeg\" \/>\n<meta name=\"twitter:card\" content=\"summary_large_image\" \/>\n<meta name=\"twitter:site\" content=\"@SwingsyFrance\" \/>\n<meta name=\"twitter:label1\" content=\"Est. reading time\" \/>\n\t<meta name=\"twitter:data1\" content=\"2 minutes\" \/>\n<script type=\"application\/ld+json\" class=\"yoast-schema-graph\">{\"@context\":\"https:\/\/schema.org\",\"@graph\":[{\"@type\":\"WebPage\",\"@id\":\"https:\/\/swingsytravel.com\/\",\"url\":\"https:\/\/swingsytravel.com\/\",\"name\":\"Home Swingsy Travel - Swingsy Travel\",\"isPartOf\":{\"@id\":\"https:\/\/swingsytravel.com\/#website\"},\"primaryImageOfPage\":{\"@id\":\"https:\/\/swingsytravel.com\/#primaryimage\"},\"image\":{\"@id\":\"https:\/\/swingsytravel.com\/#primaryimage\"},\"thumbnailUrl\":\"https:\/\/swingsytravel.com\/wp-content\/uploads\/2025\/06\/Vibes-Jacuzzi.jpg\",\"datePublished\":\"2019-06-02T05:41:06+00:00\",\"dateModified\":\"2025-06-18T15:11:59+00:00\",\"description\":\"Swingsy, une \u00e9quipe passionn\u00e9e derri\u00e8re des \u00e9v\u00e9nements libertins. David et Julie, fondateurs, organisent des voyages fun et sensuels.\",\"breadcrumb\":{\"@id\":\"https:\/\/swingsytravel.com\/#breadcrumb\"},\"inLanguage\":\"en-US\",\"potentialAction\":[{\"@type\":\"ReadAction\",\"target\":[\"https:\/\/swingsytravel.com\/\"]}]},{\"@type\":\"ImageObject\",\"inLanguage\":\"en-US\",\"@id\":\"https:\/\/swingsytravel.com\/#primaryimage\",\"url\":\"https:\/\/swingsytravel.com\/wp-content\/uploads\/2025\/06\/Vibes-Jacuzzi.jpg\",\"contentUrl\":\"https:\/\/swingsytravel.com\/wp-content\/uploads\/2025\/06\/Vibes-Jacuzzi.jpg\"},{\"@type\":\"BreadcrumbList\",\"@id\":\"https:\/\/swingsytravel.com\/#breadcrumb\",\"itemListElement\":[{\"@type\":\"ListItem\",\"position\":1,\"name\":\"Accueil\",\"item\":\"https:\/\/swingsytravel.com\/\"},{\"@type\":\"ListItem\",\"position\":2,\"name\":\"Home Swingsy Travel\"}]},{\"@type\":\"WebSite\",\"@id\":\"https:\/\/swingsytravel.com\/#website\",\"url\":\"https:\/\/swingsytravel.com\/\",\"name\":\"Swingsy Travel\",\"description\":\"Orgasmisateur de voyage\",\"publisher\":{\"@id\":\"https:\/\/swingsytravel.com\/#organization\"},\"potentialAction\":[{\"@type\":\"SearchAction\",\"target\":{\"@type\":\"EntryPoint\",\"urlTemplate\":\"https:\/\/swingsytravel.com\/?s={search_term_string}\"},\"query-input\":{\"@type\":\"PropertyValueSpecification\",\"valueRequired\":true,\"valueName\":\"search_term_string\"}}],\"inLanguage\":\"en-US\"},{\"@type\":\"Organization\",\"@id\":\"https:\/\/swingsytravel.com\/#organization\",\"name\":\"Swingsy Travel\",\"url\":\"https:\/\/swingsytravel.com\/\",\"logo\":{\"@type\":\"ImageObject\",\"inLanguage\":\"en-US\",\"@id\":\"https:\/\/swingsytravel.com\/#\/schema\/logo\/image\/\",\"url\":\"https:\/\/swingsytravel.com\/wp-content\/uploads\/2020\/02\/350x100.png\",\"contentUrl\":\"https:\/\/swingsytravel.com\/wp-content\/uploads\/2020\/02\/350x100.png\",\"width\":350,\"height\":100,\"caption\":\"Swingsy Travel\"},\"image\":{\"@id\":\"https:\/\/swingsytravel.com\/#\/schema\/logo\/image\/\"},\"sameAs\":[\"https:\/\/www.facebook.com\/swingsyfrance\/\",\"https:\/\/x.com\/SwingsyFrance\",\"https:\/\/www.instagram.com\/swingsy.insta\/\",\"https:\/\/www.youtube.com\/channel\/UC3HEecp9VYMXuie9yXm_6fA\"]}]}<\/script>\n<!-- \/ Yoast SEO plugin. -->","yoast_head_json":{"title":"Home Swingsy Travel - Swingsy Travel","description":"Swingsy, une \u00e9quipe passionn\u00e9e derri\u00e8re des \u00e9v\u00e9nements libertins. David et Julie, fondateurs, organisent des voyages fun et sensuels.","robots":{"index":"index","follow":"follow","max-snippet":"max-snippet:-1","max-image-preview":"max-image-preview:large","max-video-preview":"max-video-preview:-1"},"canonical":"https:\/\/swingsytravel.com\/en\/","og_locale":"en_US","og_type":"article","og_title":"Home Swingsy Travel - Swingsy Travel","og_description":"Swingsy, une \u00e9quipe passionn\u00e9e derri\u00e8re des \u00e9v\u00e9nements libertins. David et Julie, fondateurs, organisent des voyages fun et sensuels.","og_url":"https:\/\/swingsytravel.com\/en\/","og_site_name":"Swingsy Travel","article_publisher":"https:\/\/www.facebook.com\/swingsyfrance\/","article_modified_time":"2025-06-18T15:11:59+00:00","og_image":[{"width":1080,"height":1350,"url":"https:\/\/swingsytravel.com\/wp-content\/uploads\/2025\/06\/Vibes-Jacuzzi.jpg","type":"image\/jpeg"}],"twitter_card":"summary_large_image","twitter_site":"@SwingsyFrance","twitter_misc":{"Est. reading time":"2 minutes"},"schema":{"@context":"https:\/\/schema.org","@graph":[{"@type":"WebPage","@id":"https:\/\/swingsytravel.com\/","url":"https:\/\/swingsytravel.com\/","name":"Home Swingsy Travel - Swingsy Travel","isPartOf":{"@id":"https:\/\/swingsytravel.com\/#website"},"primaryImageOfPage":{"@id":"https:\/\/swingsytravel.com\/#primaryimage"},"image":{"@id":"https:\/\/swingsytravel.com\/#primaryimage"},"thumbnailUrl":"https:\/\/swingsytravel.com\/wp-content\/uploads\/2025\/06\/Vibes-Jacuzzi.jpg","datePublished":"2019-06-02T05:41:06+00:00","dateModified":"2025-06-18T15:11:59+00:00","description":"Swingsy, une \u00e9quipe passionn\u00e9e derri\u00e8re des \u00e9v\u00e9nements libertins. David et Julie, fondateurs, organisent des voyages fun et sensuels.","breadcrumb":{"@id":"https:\/\/swingsytravel.com\/#breadcrumb"},"inLanguage":"en-US","potentialAction":[{"@type":"ReadAction","target":["https:\/\/swingsytravel.com\/"]}]},{"@type":"ImageObject","inLanguage":"en-US","@id":"https:\/\/swingsytravel.com\/#primaryimage","url":"https:\/\/swingsytravel.com\/wp-content\/uploads\/2025\/06\/Vibes-Jacuzzi.jpg","contentUrl":"https:\/\/swingsytravel.com\/wp-content\/uploads\/2025\/06\/Vibes-Jacuzzi.jpg"},{"@type":"BreadcrumbList","@id":"https:\/\/swingsytravel.com\/#breadcrumb","itemListElement":[{"@type":"ListItem","position":1,"name":"Accueil","item":"https:\/\/swingsytravel.com\/"},{"@type":"ListItem","position":2,"name":"Home Swingsy Travel"}]},{"@type":"WebSite","@id":"https:\/\/swingsytravel.com\/#website","url":"https:\/\/swingsytravel.com\/","name":"Swingsy Travel","description":"Orgasmisateur de voyage","publisher":{"@id":"https:\/\/swingsytravel.com\/#organization"},"potentialAction":[{"@type":"SearchAction","target":{"@type":"EntryPoint","urlTemplate":"https:\/\/swingsytravel.com\/?s={search_term_string}"},"query-input":{"@type":"PropertyValueSpecification","valueRequired":true,"valueName":"search_term_string"}}],"inLanguage":"en-US"},{"@type":"Organization","@id":"https:\/\/swingsytravel.com\/#organization","name":"Swingsy Travel","url":"https:\/\/swingsytravel.com\/","logo":{"@type":"ImageObject","inLanguage":"en-US","@id":"https:\/\/swingsytravel.com\/#\/schema\/logo\/image\/","url":"https:\/\/swingsytravel.com\/wp-content\/uploads\/2020\/02\/350x100.png","contentUrl":"https:\/\/swingsytravel.com\/wp-content\/uploads\/2020\/02\/350x100.png","width":350,"height":100,"caption":"Swingsy Travel"},"image":{"@id":"https:\/\/swingsytravel.com\/#\/schema\/logo\/image\/"},"sameAs":["https:\/\/www.facebook.com\/swingsyfrance\/","https:\/\/x.com\/SwingsyFrance","https:\/\/www.instagram.com\/swingsy.insta\/","https:\/\/www.youtube.com\/channel\/UC3HEecp9VYMXuie9yXm_6fA"]}]}},"_links":{"self":[{"href":"https:\/\/swingsytravel.com\/en\/wp-json\/wp\/v2\/pages\/3339","targetHints":{"allow":["GET"]}}],"collection":[{"href":"https:\/\/swingsytravel.com\/en\/wp-json\/wp\/v2\/pages"}],"about":[{"href":"https:\/\/swingsytravel.com\/en\/wp-json\/wp\/v2\/types\/page"}],"author":[{"embeddable":true,"href":"https:\/\/swingsytravel.com\/en\/wp-json\/wp\/v2\/users\/1"}],"replies":[{"embeddable":true,"href":"https:\/\/swingsytravel.com\/en\/wp-json\/wp\/v2\/comments?post=3339"}],"version-history":[{"count":329,"href":"https:\/\/swingsytravel.com\/en\/wp-json\/wp\/v2\/pages\/3339\/revisions"}],"predecessor-version":[{"id":6655,"href":"https:\/\/swingsytravel.com\/en\/wp-json\/wp\/v2\/pages\/3339\/revisions\/6655"}],"wp:attachment":[{"href":"https:\/\/swingsytravel.com\/en\/wp-json\/wp\/v2\/media?parent=3339"}],"curies":[{"name":"wp","href":"https:\/\/api.w.org\/{rel}","templated":true}]}}